{"id":1020,"date":"2021-08-24T09:32:38","date_gmt":"2021-08-23T22:32:38","guid":{"rendered":"https:\/\/bigdata.nc\/?page_id=1020"},"modified":"2021-08-25T10:42:29","modified_gmt":"2021-08-24T23:42:29","slug":"controle-doccupation-temps-reel-covid-19","status":"publish","type":"page","link":"https:\/\/bigdata.nc\/?page_id=1020","title":{"rendered":"Contr\u00f4le d&#8217;occupation temps r\u00e9el Covid-19"},"content":{"rendered":"\n<p class=\"has-text-align-center has-large-font-size\"><strong>Syst\u00e8me automatis\u00e9 de surveillance de l&#8217;occupation Covid-19 pour les entreprises<\/strong><\/p>\n\n\n\n<p><\/p>\n\n\n\n<div class=\"wp-block-media-text alignwide is-stacked-on-mobile\"><figure class=\"wp-block-media-text__media\"><img loading=\"lazy\" decoding=\"async\" width=\"725\" height=\"518\" src=\"https:\/\/bigdata.nc\/wp-content\/uploads\/2021\/08\/floorplan.gif\" alt=\"\" class=\"wp-image-1060 size-full\"\/><\/figure><div class=\"wp-block-media-text__content\">\n<p class=\"has-medium-font-size\">Les gouvernements ont impos\u00e9 un r\u00e8glement de distanciation sociale pour aplanir la courbe de l&#8217;\u00e9pid\u00e9mie de pand\u00e9mie de coronavirus. De nombreuses entreprises doivent d\u00e9sormais contr\u00f4ler le nombre de visiteurs entrant dans leurs installations ou leur b\u00e2timent. Beaucoup ont r\u00e9agi en affectant du personnel physique pour contr\u00f4ler le trafic des clients \u00e0 leurs entr\u00e9es. Bigdata dispose d&#8217;un syst\u00e8me de contr\u00f4le d&#8217;occupation automatis\u00e9 qui est d\u00e9di\u00e9 \u00e0 fournir un moyen plus rentable et efficace de se conformer \u00e0 ces r\u00e8gles de s\u00e9curit\u00e9 pendant la pand\u00e9mie mondiale.<\/p>\n<\/div><\/div>\n\n\n\n<p class=\"has-text-align-center has-large-font-size\"><strong>Conformit\u00e9 \u00e0 la distanciation sociale dans les ERP Affichage sur \u00e9cran en temps r\u00e9el<\/strong><\/p>\n\n\n\n<div class=\"wp-block-media-text alignwide is-stacked-on-mobile\"><figure class=\"wp-block-media-text__media\"><img loading=\"lazy\" decoding=\"async\" width=\"1595\" height=\"906\" src=\"https:\/\/bigdata.nc\/wp-content\/uploads\/2021\/08\/dashboard-customer-view-1.gif\" alt=\"\" class=\"wp-image-1031 size-full\"\/><\/figure><div class=\"wp-block-media-text__content\">\n<p class=\"has-medium-font-size\">FootfallCam compte avec pr\u00e9cision le nombre de clients entrant et sortant de votre b\u00e2timent, vous donnant des donn\u00e9es en temps r\u00e9el sur le nombre de clients \u00e0 l&#8217;int\u00e9rieur &#8211; votre occupation. Un affichage de tablette \u00e0 l&#8217;entr\u00e9e utilise un simple syst\u00e8me de feux de signalisation pour informer les clients s&#8217;ils doivent entrer, ou si l&#8217;occupation maximale a \u00e9t\u00e9 atteinte et ils doivent attendre. Lorsque d&#8217;autres clients quittent, l&#8217;\u00e9cran se met \u00e0 jour en cons\u00e9quence. Cela permet un contr\u00f4le d&#8217;occupation efficace pour les entreprises essentielles telles que les supermarch\u00e9s, les pharmacies, les banques et les h\u00f4pitaux.<\/p>\n<\/div><\/div>\n\n\n\n<p class=\"has-text-align-center has-large-font-size\"> <\/p>\n\n\n\n<p class=\"has-text-align-center has-large-font-size\"><strong>Alerter le superviseur lorsque la limite d&#8217;occupation instantan\u00e9e est d\u00e9pass\u00e9e<\/strong><\/p>\n\n\n\n<p><\/p>\n\n\n\n<div class=\"wp-block-media-text alignwide is-stacked-on-mobile\"><figure class=\"wp-block-media-text__media\"><img loading=\"lazy\" decoding=\"async\" width=\"1024\" height=\"685\" src=\"https:\/\/bigdata.nc\/wp-content\/uploads\/2021\/08\/dashboard-alert-3-1024x685.gif\" alt=\"\" class=\"wp-image-1039 size-full\" srcset=\"https:\/\/bigdata.nc\/wp-content\/uploads\/2021\/08\/dashboard-alert-3-1024x685.gif 1024w, https:\/\/bigdata.nc\/wp-content\/uploads\/2021\/08\/dashboard-alert-3-300x201.gif 300w, https:\/\/bigdata.nc\/wp-content\/uploads\/2021\/08\/dashboard-alert-3-768x514.gif 768w, https:\/\/bigdata.nc\/wp-content\/uploads\/2021\/08\/dashboard-alert-3-570x380.gif 570w, https:\/\/bigdata.nc\/wp-content\/uploads\/2021\/08\/dashboard-alert-3-380x254.gif 380w, https:\/\/bigdata.nc\/wp-content\/uploads\/2021\/08\/dashboard-alert-3-285x190.gif 285w\" sizes=\"auto, (max-width: 1024px) 100vw, 1024px\" \/><\/figure><div class=\"wp-block-media-text__content\">\n<p class=\"has-medium-font-size\">Les gestionnaires peuvent fixer un seuil pr\u00e9d\u00e9termin\u00e9 sur le nombre de personnes occupant un certain espace. Le tableau de bord en direct maintient les membres du personnel inform\u00e9s des niveaux d&#8217;occupation en temps r\u00e9el. Dans le cas o\u00f9 les clients ne respectent pas l&#8217;indicateur de feux de circulation lorsque la limite d&#8217;occupation est d\u00e9pass\u00e9e, une alerte sera envoy\u00e9e \u00e0 votre personnel afin qu&#8217;il puisse prendre des mesures en temps opportun pour contr\u00f4ler le nombre de personnes dans vos locaux.<\/p>\n<\/div><\/div>\n\n\n\n<p><\/p>\n\n\n\n<p class=\"has-text-align-center has-large-font-size\"><strong>Aidez les clients \u00e0 planifier leur visite avec le widget Live Occupancy Count sur votre site Web<\/strong><\/p>\n\n\n\n<p><\/p>\n\n\n\n<div class=\"wp-block-media-text alignwide is-stacked-on-mobile\"><figure class=\"wp-block-media-text__media\"><img loading=\"lazy\" decoding=\"async\" width=\"1000\" height=\"560\" src=\"https:\/\/bigdata.nc\/wp-content\/uploads\/2021\/08\/Live-Occupancy-Tracker.gif\" alt=\"\" class=\"wp-image-1037 size-full\"\/><\/figure><div class=\"wp-block-media-text__content\">\n<p class=\"has-medium-font-size\">Notre widget permet \u00e0 votre site Web d&#8217;afficher les conditions d&#8217;occupation mises \u00e0 jour automatiquement de votre magasin. Les clients peuvent consulter votre site Web avant de quitter la maison pour voir quand ce sera un meilleur moment pour eux de vous rendre visite. Il s&#8217;agit d&#8217;une approche proactive pour influencer le trafic client en \u00e9talant leur temps de visite. C&#8217;est \u00e9galement un bon moyen de g\u00e9rer les exigences des clients sur le temps d&#8217;attente et ainsi d&#8217;am\u00e9liorer l&#8217;exp\u00e9rience client. Permettez aux clients de planifier \u00e0 l&#8217;avance leurs visites en fonction de l&#8217;affichage de l&#8217;occupation sur votre site Web. &nbsp; Am\u00e9lioration de la capacit\u00e9 d&#8217;exploitation des magasins \u00e0 l&#8217;aide de donn\u00e9es d&#8217;occupation en temps r\u00e9el.<\/p>\n<\/div><\/div>\n\n\n<p class=\"has-text-align-center has-large-font-size\"><strong>Vous informer avec des rapports planifi\u00e9s pour le contr\u00f4le d&#8217;occupation en direct<\/strong><\/p>\n\n\n<div class=\"wp-block-media-text alignwide is-stacked-on-mobile\"><figure class=\"wp-block-media-text__media\"><img loading=\"lazy\" decoding=\"async\" width=\"1158\" height=\"976\" src=\"https:\/\/bigdata.nc\/wp-content\/uploads\/2021\/08\/management-report.gif\" alt=\"\" class=\"wp-image-1041 size-full\"\/><\/figure><div class=\"wp-block-media-text__content\">\n<p class=\"has-medium-font-size\">Les rapports quotidiens informent, ce qui permet de contr\u00f4ler facilement l&#8217;occupation des installations dans tous les magasins. Vous serez en mesure de surveiller r\u00e9guli\u00e8rement la distance de s\u00e9curit\u00e9 entre les clients dans chaque magasin et de prendre des mesures correctives strictes \u00e0 temps pour vous assurer que les r\u00e9glementations gouvernementales en mati\u00e8re de s\u00e9curit\u00e9 ne sont pas enfreintes.<\/p>\n<\/div><\/div>\n","protected":false},"excerpt":{"rendered":"<p>Syst\u00e8me automatis\u00e9 de surveillance de l&#8217;occupation Covid-19 pour les entreprises Les gouvernements ont impos\u00e9 un r\u00e8glement de distanciation sociale pour aplanir la courbe de l&#8217;\u00e9pid\u00e9mie de pand\u00e9mie de coronavirus. De nombreuses entreprises doivent d\u00e9sormais contr\u00f4ler le nombre de visiteurs entrant dans leurs installations ou leur b\u00e2timent. Beaucoup ont r\u00e9agi en affectant du personnel physique pour [&hellip;]<\/p>\n","protected":false},"author":1,"featured_media":0,"parent":0,"menu_order":0,"comment_status":"closed","ping_status":"closed","template":"","meta":{"footnotes":""},"categories":[],"tags":[],"class_list":["post-1020","page","type-page","status-publish","hentry","blog-style1"],"_links":{"self":[{"href":"https:\/\/bigdata.nc\/index.php?rest_route=\/wp\/v2\/pages\/1020","targetHints":{"allow":["GET"]}}],"collection":[{"href":"https:\/\/bigdata.nc\/index.php?rest_route=\/wp\/v2\/pages"}],"about":[{"href":"https:\/\/bigdata.nc\/index.php?rest_route=\/wp\/v2\/types\/page"}],"author":[{"embeddable":true,"href":"https:\/\/bigdata.nc\/index.php?rest_route=\/wp\/v2\/users\/1"}],"replies":[{"embeddable":true,"href":"https:\/\/bigdata.nc\/index.php?rest_route=%2Fwp%2Fv2%2Fcomments&post=1020"}],"version-history":[{"count":21,"href":"https:\/\/bigdata.nc\/index.php?rest_route=\/wp\/v2\/pages\/1020\/revisions"}],"predecessor-version":[{"id":1061,"href":"https:\/\/bigdata.nc\/index.php?rest_route=\/wp\/v2\/pages\/1020\/revisions\/1061"}],"wp:attachment":[{"href":"https:\/\/bigdata.nc\/index.php?rest_route=%2Fwp%2Fv2%2Fmedia&parent=1020"}],"wp:term":[{"taxonomy":"category","embeddable":true,"href":"https:\/\/bigdata.nc\/index.php?rest_route=%2Fwp%2Fv2%2Fcategories&post=1020"},{"taxonomy":"post_tag","embeddable":true,"href":"https:\/\/bigdata.nc\/index.php?rest_route=%2Fwp%2Fv2%2Ftags&post=1020"}],"curies":[{"name":"wp","href":"https:\/\/api.w.org\/{rel}","templated":true}]}}