{"id":226,"date":"2016-10-07T10:42:39","date_gmt":"2016-10-06T23:42:39","guid":{"rendered":"http:\/\/bigdata.nc\/?page_id=226"},"modified":"2018-02-19T11:05:47","modified_gmt":"2018-02-19T00:05:47","slug":"social-wifi-pour-les-restaurants","status":"publish","type":"page","link":"https:\/\/bigdata.nc\/?page_id=226","title":{"rendered":"RESTAURANTS"},"content":{"rendered":"<p><img loading=\"lazy\" decoding=\"async\" class=\"aligncenter size-full wp-image-122\" src=\"https:\/\/bigdata.nc\/wp-content\/uploads\/2016\/03\/bandeauresto.png\" alt=\"bandeauresto\" width=\"1500\" height=\"403\" srcset=\"https:\/\/bigdata.nc\/wp-content\/uploads\/2016\/03\/bandeauresto.png 1500w, https:\/\/bigdata.nc\/wp-content\/uploads\/2016\/03\/bandeauresto-300x81.png 300w, https:\/\/bigdata.nc\/wp-content\/uploads\/2016\/03\/bandeauresto-768x206.png 768w, https:\/\/bigdata.nc\/wp-content\/uploads\/2016\/03\/bandeauresto-1024x275.png 1024w\" sizes=\"auto, (max-width: 1500px) 100vw, 1500px\" \/><\/p>\n<p style=\"text-align: justify;\"><span style=\"font-size: 14pt;\">Le Wi-Fi client dans les\u00a0restaurant est devenu un standard. Cependant, tous ne sont pas pleinement conscients de l&#8217;importance du r\u00e9seau sans fil pour le confort des clients. 75% des personnes interrog\u00e9es pensent que la connexion Wi-Fi est le deuxi\u00e8me attribut le plus important d&#8217;un bon restaurant. Que font les gens dans un caf\u00e9 ou dans un restaurant? Ils utilisent\u00a0leurs smartphones afin de chatter avec\u00a0leurs amis sur Messenger ou publier des photos de la nourriture sur Instagram et Facebook. Les statistiques confirment que 29% des gens utilisent Facebook ou Twitter pendant les repas. Il est important de tirer parti de la situation dans laquelle un client utilise un r\u00e9seau sans fil . Comment faire migrer son acc\u00e8s wifi client d&#8217;un centre de cout vers un centre de profit. Le r\u00e9seau que nous rencontrons le plus souvent dans les restaurants est juste un outil qui nous relie \u00e0 l&#8217;Internet. Un client entre, il utilise Internet et sort sans jamais laisser de trace. L&#8217;aspect l\u00e9gal qui n&#8217;est pas toujours respect\u00e9 <a href=\"https:\/\/bigdata.nc\/?page_id=249\">(consultez ici l&#8217;aspect l\u00e9gal)<\/a>.\u00a0<\/span><\/p>\n<p style=\"text-align: justify;\"><span style=\"font-size: 14pt;\">Grace \u00e0\u00a0socialWIFI, il est possible d&#8217;identifier un client et l&#8217;engager dans une communication \u00e0 double sens. Comment un tel outil peut-il \u00eatre utilis\u00e9?<\/span><\/p>\n<p style=\"text-align: justify;\"><span style=\"text-decoration: underline; font-size: 14pt;\"><strong>1. Apprenez \u00e0 conna\u00eetre vos clients<\/strong><\/span><br \/>\n<span style=\"font-size: 14pt;\"> Les restaurants sont visit\u00e9s par les clients pour des raisons diff\u00e9rentes.Certains d&#8217;entre eux visitent seulement pour un court d\u00e9jeuner pendant une pause de travail, d&#8217; autres pour un d\u00eener en famille ou pour une occasion pr\u00e9cise, mais quelle que soit leur raison, dans la plupart des cas , ils se connectent au\u00a0r\u00e9seau Wi-Fi. Les informations recueillies et les op\u00e9rations bas\u00e9es sur leur utilisation de socialWiFi \u00a0pourraient am\u00e9liorer consid\u00e9rablement les relations avec les utilisateurs. \u00a0Lorsque le client se connecte avec les m\u00e9dias sociaux ou une adresse e &#8211; mail, nous pouvons utiliser ces donn\u00e9es pour le contacter personnellement, par exemple par email.<\/span><\/p>\n<p>&nbsp;<\/p>\n<p><img loading=\"lazy\" decoding=\"async\" class=\"aligncenter size-full wp-image-721\" src=\"https:\/\/bigdata.nc\/wp-content\/uploads\/2016\/10\/Capture-d\u2019e\u0301cran-2017-09-22-a\u0300-09.57.07.png\" alt=\"\" width=\"1248\" height=\"330\" srcset=\"https:\/\/bigdata.nc\/wp-content\/uploads\/2016\/10\/Capture-d\u2019e\u0301cran-2017-09-22-a\u0300-09.57.07.png 1248w, https:\/\/bigdata.nc\/wp-content\/uploads\/2016\/10\/Capture-d\u2019e\u0301cran-2017-09-22-a\u0300-09.57.07-300x79.png 300w, https:\/\/bigdata.nc\/wp-content\/uploads\/2016\/10\/Capture-d\u2019e\u0301cran-2017-09-22-a\u0300-09.57.07-768x203.png 768w, https:\/\/bigdata.nc\/wp-content\/uploads\/2016\/10\/Capture-d\u2019e\u0301cran-2017-09-22-a\u0300-09.57.07-1024x271.png 1024w\" sizes=\"auto, (max-width: 1248px) 100vw, 1248px\" \/><\/p>\n<p>&nbsp;<\/p>\n<p style=\"text-align: justify;\"><span style=\"text-decoration: underline; font-size: 14pt;\"><strong>2. Marketing\u00a0r\u00e9f\u00e9rentiel<\/strong><\/span><br \/>\n<span style=\"font-size: 14pt;\"> SocialWiFi transforme un restaurant standard\u00a0en lieu de rencontre moderne. Le syst\u00e8me est reli\u00e9 aux m\u00e9dias sociaux. En les utilisant les clients peuvent partager leur emplacement et informer leurs amis de leur pr\u00e9sence dans votre restaurant. En supposant que chaque client dispose d&#8217;au moins 200 amis sur Facebook et que 10 personnes\u00a0 par jour signalent leur pr\u00e9sence, l&#8217;information est v\u00e9hicul\u00e9e aupr\u00e8s\u00a0\u00a0\u00e0 de\u00a02000 personnes par jour. Selon les statistiques 50% des personnes en\u00a0apprennent\u00a0davantage sur les restaurants et les caf\u00e9s via\u00a0les m\u00e9dias sociaux, il est donc important de soigner sa pr\u00e9sence.<\/span><\/p>\n<p><img loading=\"lazy\" decoding=\"async\" class=\"aligncenter size-full wp-image-880\" src=\"https:\/\/bigdata.nc\/wp-content\/uploads\/2018\/01\/Capture-d\u2019e\u0301cran-2018-01-18-a\u0300-11.35.01.png\" alt=\"\" width=\"1631\" height=\"819\" srcset=\"https:\/\/bigdata.nc\/wp-content\/uploads\/2018\/01\/Capture-d\u2019e\u0301cran-2018-01-18-a\u0300-11.35.01.png 1631w, https:\/\/bigdata.nc\/wp-content\/uploads\/2018\/01\/Capture-d\u2019e\u0301cran-2018-01-18-a\u0300-11.35.01-300x151.png 300w, https:\/\/bigdata.nc\/wp-content\/uploads\/2018\/01\/Capture-d\u2019e\u0301cran-2018-01-18-a\u0300-11.35.01-768x386.png 768w, https:\/\/bigdata.nc\/wp-content\/uploads\/2018\/01\/Capture-d\u2019e\u0301cran-2018-01-18-a\u0300-11.35.01-1024x514.png 1024w, https:\/\/bigdata.nc\/wp-content\/uploads\/2018\/01\/Capture-d\u2019e\u0301cran-2018-01-18-a\u0300-11.35.01-570x285.png 570w\" sizes=\"auto, (max-width: 1631px) 100vw, 1631px\" \/><\/p>\n<p style=\"text-align: justify;\"><span style=\"text-decoration: underline; font-size: 14pt;\"><strong>3.\u00a0Le client myst\u00e8re en ligne<\/strong><\/span><br \/>\n<span style=\"font-size: 14pt;\"> Les deux fondamentaux de chaque bon restaurant sont une\u00a0bonne nourriture et un bon service et ces deux indicateurs\u00a0doivent \u00eatre surveill\u00e9s en permanence. Si vous utilisez socialwifi, toute personne qui se sera connect\u00e9 \u00e0 votre r\u00e9seau recevra un e &#8211; mail apr\u00e8s son d\u00e9part. Le client sera en mesure d&#8217;\u00e9valuer sa visite sur une \u00e9chelle de 1 \u00e0 5 \u00e9toiles et vous communiquer\u00a0sa propre opinion, qui ne sera visible que pour le propri\u00e9taire ou le\u00a0gestionnaire qui ont\u00a0acc\u00e8s au panneau d&#8217;administration.<\/span><\/p>\n<p>&nbsp;<\/p>\n<p><img loading=\"lazy\" decoding=\"async\" class=\"aligncenter size-full wp-image-878\" src=\"https:\/\/bigdata.nc\/wp-content\/uploads\/2018\/01\/Capture-d\u2019e\u0301cran-2018-01-18-a\u0300-11.26.27.png\" alt=\"\" width=\"431\" height=\"398\" srcset=\"https:\/\/bigdata.nc\/wp-content\/uploads\/2018\/01\/Capture-d\u2019e\u0301cran-2018-01-18-a\u0300-11.26.27.png 431w, https:\/\/bigdata.nc\/wp-content\/uploads\/2018\/01\/Capture-d\u2019e\u0301cran-2018-01-18-a\u0300-11.26.27-300x277.png 300w\" sizes=\"auto, (max-width: 431px) 100vw, 431px\" \/><\/p>\n<p>&nbsp;<\/p>\n<p>&nbsp;<\/p>\n<p>&nbsp;<\/p>\n<p><img loading=\"lazy\" decoding=\"async\" class=\"aligncenter wp-image-717\" src=\"https:\/\/bigdata.nc\/wp-content\/uploads\/2016\/10\/Capture-d\u2019e\u0301cran-2017-09-21-a\u0300-17.52.43-1.png\" alt=\"\" width=\"1323\" height=\"377\" \/><\/p>\n<p>&nbsp;<\/p>\n<p><img loading=\"lazy\" decoding=\"async\" class=\"aligncenter wp-image-718\" src=\"https:\/\/bigdata.nc\/wp-content\/uploads\/2016\/10\/Capture-d\u2019e\u0301cran-2017-09-22-a\u0300-09.59.08-1.png\" alt=\"\" width=\"824\" height=\"378\" \/><\/p>\n<p>&nbsp;<\/p>\n<p>&nbsp;<\/p>\n<p style=\"text-align: justify;\"><span style=\"text-decoration: underline; font-size: 14pt;\"><strong>4. Int\u00e9gration tripadvisor<\/strong><\/span><\/p>\n<p style=\"text-align: justify;\"><span style=\"font-size: 14pt;\">Socialwifi\u00a0est \u00e9galement int\u00e9gr\u00e9 avec la plateforme TripAdvisor. Si vous le souhaitez votre client pourra \u00eatre invit\u00e9 \u00e0 laisser une notation et un commentaire sur TripAdvisor. S&#8217;il l&#8217; \u00e9valuation est mauvaise, il recevra un formulaire afin de\u00a0l&#8217;interroger sur son m\u00e9contentement. De cette fa\u00e7on , le gestionnaire peut offrir une compensation et d\u00e9courager le client de poster un examen d\u00e9favorable sur les m\u00e9dias sociaux ou sur TripAdvisor. Ce type d&#8217;int\u00e9gration augmente la note finale et la position du restaurant sur les portails d&#8217;opinion.<\/span><\/p>\n<p>&nbsp;<\/p>\n<p><img loading=\"lazy\" decoding=\"async\" class=\"aligncenter wp-image-899\" src=\"https:\/\/bigdata.nc\/wp-content\/uploads\/2018\/02\/Capture-d\u2019e\u0301cran-2018-02-12-a\u0300-16.30.55.png\" alt=\"\" width=\"411\" height=\"565\" \/><\/p>\n<p>&nbsp;<\/p>\n<p>&nbsp;<\/p>\n<p>&nbsp;<\/p>\n<p>&nbsp;<\/p>\n<p style=\"text-align: justify;\"><span style=\"text-decoration: underline; font-size: 14pt;\"><strong>5. Int\u00e9gration facebook<\/strong><\/span><\/p>\n<p><span style=\"font-size: 14pt;\">Socialwifi jouit d&#8217;une parfaite int\u00e9gration avec facebook. Tous vos \u00e9v\u00e8nements programm\u00e9s sont automatiquement affich\u00e9s sur votre page d&#8217;accueil, ils sont \u00e9galement envoy\u00e9s \u00e0 vos clients enregistr\u00e9s.\u00a0<\/span><\/p>\n<p>&nbsp;<\/p>\n<p><img loading=\"lazy\" decoding=\"async\" class=\"aligncenter size-full wp-image-911\" src=\"https:\/\/bigdata.nc\/wp-content\/uploads\/2018\/02\/e\u0301venements-fb.png\" alt=\"\" width=\"800\" height=\"185\" srcset=\"https:\/\/bigdata.nc\/wp-content\/uploads\/2018\/02\/e\u0301venements-fb.png 800w, https:\/\/bigdata.nc\/wp-content\/uploads\/2018\/02\/e\u0301venements-fb-300x69.png 300w, https:\/\/bigdata.nc\/wp-content\/uploads\/2018\/02\/e\u0301venements-fb-768x178.png 768w\" sizes=\"auto, (max-width: 800px) 100vw, 800px\" \/><\/p>\n<p style=\"text-align: justify;\"><span style=\"text-decoration: underline; font-size: 14pt;\"><strong>6. Wi-Fi marketing et diffusion<\/strong><\/span><br \/>\n<span style=\"font-size: 14pt;\"> Il y a plus\u00a0de\u00a0deux cent restaurants en Nouvelle Cal\u00e9donie. Comment se d\u00e9marquer de la foule? <\/span><\/p>\n<p style=\"text-align: justify;\"><span style=\"font-size: 14pt;\">Socialwifi\u00a0est un r\u00e9seau mondial utilis\u00e9 par les plus grandes cha\u00eenes de restaurants en Europe et en Australie , mais aussi par les petits, les restaurants locaux qui veulent se faire connaitre\u00a0et b\u00e9n\u00e9ficier d&#8217; une connexion Wi-Fi intelligente. Apr\u00e8s avoir recueilli les donn\u00e9es du client socialWiFi permet de mener des campagnes de marketing actif sous la forme d&#8217;emailings, qui en raison de donn\u00e9es acquises pourraient \u00eatre tr\u00e8s pr\u00e9cis\u00e9ment cibl\u00e9s. socialwifi permet \u00e9galement d&#8217;informer les clients sur les offres sp\u00e9ciales en temps r\u00e9el. Une fois connect\u00e9 chaque utilisateur verra un site d&#8217; accueil Facebook int\u00e9gr\u00e9, que vous pouvez modifier comme vous le souhaitez avec l&#8217;utilisation d&#8217;une interface simple. Vous\u00a0pourrez inclure des graphiques et des vid\u00e9os contenant des informations sur les offres et \u00a0le menu du restaurant \u00e0 volont\u00e9.<\/span><\/p>\n<p><span style=\"font-size: 14pt;\">Ces informations sont disponibles partout dans le monde via l&#8217;application mobile socialwifi (1millions d&#8217;utilisateurs en Australie) les Touristes qui ne sont jamais venus chez vous savent d\u00e9j\u00e0 que vous existez et quel accueil vous leurs r\u00e9servez. Votre Etablissement est g\u00e9o-localis\u00e9<\/span><\/p>\n<p>&nbsp;<\/p>\n<p style=\"text-align: center;\"><img loading=\"lazy\" decoding=\"async\" class=\"aligncenter wp-image-909\" src=\"https:\/\/bigdata.nc\/wp-content\/uploads\/2018\/02\/APPLISWIFIMONTAGE-1.gif\" alt=\"\" width=\"424\" height=\"578\" \/><\/p>\n<p>&nbsp;<\/p>\n<p>&nbsp;<\/p>\n<p style=\"text-align: justify;\"><span style=\"text-decoration: underline; font-size: 14pt;\"><strong>5.\u00a0Investir dans la fid\u00e9lit\u00e9 client<\/strong><\/span><br \/>\n<span style=\"font-size: 14pt;\"> Il est pr\u00e9vu qu&#8217;en 2020 il y aura environ 24 milliards d&#8217; appareils connect\u00e9s sans fil \u00e0 Internet. Pour cette raison, il est important de consid\u00e9rer\u00a0sa connexion Wi-Fi comme un outil \u00a0de\u00a0promotion, mais aussi de\u00a0fid\u00e9lisation. Si un client vous laisse un avis, vous pouvez communiquer avec lui, lui offrir un bonus et renforcer\u00a0votre relation. En lui envoyant des offres privil\u00e9gi\u00e9es, vous pouvez \u00e9galement le faire revenir plus souvent. Le remarketing fonctionne d&#8217;une mani\u00e8re similaire, si quelqu&#8217;un s&#8217;est\u00a0d\u00e9j\u00e0 rendu\u00a0dans votre restaurant, il\u00a0est certain \u00e0 100% de faire\u00a0partie de votre audience\u00a0cible. Social WiFi permet une communication directe\u00a0et \u00a0non-invasive\u00a0cibl\u00e9e.\u00a0<\/span><\/p>\n<p>&nbsp;<\/p>\n<p><img loading=\"lazy\" decoding=\"async\" class=\"aligncenter wp-image-902\" src=\"https:\/\/bigdata.nc\/wp-content\/uploads\/2018\/02\/Capture-d\u2019e\u0301cran-2018-02-12-a\u0300-16.49.29.png\" alt=\"\" width=\"637\" height=\"958\" srcset=\"https:\/\/bigdata.nc\/wp-content\/uploads\/2018\/02\/Capture-d\u2019e\u0301cran-2018-02-12-a\u0300-16.49.29.png 825w, https:\/\/bigdata.nc\/wp-content\/uploads\/2018\/02\/Capture-d\u2019e\u0301cran-2018-02-12-a\u0300-16.49.29-199x300.png 199w, https:\/\/bigdata.nc\/wp-content\/uploads\/2018\/02\/Capture-d\u2019e\u0301cran-2018-02-12-a\u0300-16.49.29-768x1155.png 768w, https:\/\/bigdata.nc\/wp-content\/uploads\/2018\/02\/Capture-d\u2019e\u0301cran-2018-02-12-a\u0300-16.49.29-681x1024.png 681w\" sizes=\"auto, (max-width: 637px) 100vw, 637px\" \/><\/p>\n<p>&nbsp;<\/p>\n<p>&nbsp;<\/p>\n<p><span style=\"font-size: 14pt;\">Vos campagnes d&#8217;emailing sont programm\u00e9es et envoy\u00e9es directement depuis votre interface client socialwifi. Vous pouvez en visualisez la port\u00e9e et le retour.\u00a0<\/span><\/p>\n<p><span style=\"font-size: 14pt;\">Ces fonctionnalit\u00e9s sont incluses et sans suppl\u00e9ment de prix.\u00a0<\/span><\/p>\n<p>&nbsp;<\/p>\n<p><img loading=\"lazy\" decoding=\"async\" class=\"aligncenter wp-image-904\" src=\"https:\/\/bigdata.nc\/wp-content\/uploads\/2018\/02\/Capture-d\u2019e\u0301cran-2018-02-12-a\u0300-16.55.34.png\" alt=\"\" width=\"1245\" height=\"518\" \/><\/p>\n<p>&nbsp;<\/p>\n<p>&nbsp;<\/p>\n<p>&nbsp;<\/p>\n<p>&nbsp;<\/p>\n<p><img loading=\"lazy\" decoding=\"async\" class=\"aligncenter size-full wp-image-104\" src=\"https:\/\/bigdata.nc\/wp-content\/uploads\/2016\/03\/SOCIALWIFIME.png\" alt=\"SOCIALWIFIME\" width=\"1244\" height=\"897\" srcset=\"https:\/\/bigdata.nc\/wp-content\/uploads\/2016\/03\/SOCIALWIFIME.png 1244w, https:\/\/bigdata.nc\/wp-content\/uploads\/2016\/03\/SOCIALWIFIME-300x216.png 300w, https:\/\/bigdata.nc\/wp-content\/uploads\/2016\/03\/SOCIALWIFIME-768x554.png 768w, https:\/\/bigdata.nc\/wp-content\/uploads\/2016\/03\/SOCIALWIFIME-1024x738.png 1024w\" sizes=\"auto, (max-width: 1244px) 100vw, 1244px\" \/><\/p>\n<p>&nbsp;<\/p>\n<p style=\"text-align: center;\"><strong>A fin septembre 2017 un an apr\u00e8s son lancement Pr\u00e8s de 150.000 connexions \u00e0 socialwifi dans les restaurants de Noum\u00e9a<\/strong><\/p>\n<p>&nbsp;<\/p>\n<p>&nbsp;<\/p>\n<p>&nbsp;<\/p>\n<p><img loading=\"lazy\" decoding=\"async\" class=\"aligncenter size-full wp-image-727\" src=\"https:\/\/bigdata.nc\/wp-content\/uploads\/2016\/10\/Capture-d\u2019e\u0301cran-2017-09-26-a\u0300-19.03.21.png\" alt=\"\" width=\"1519\" height=\"109\" srcset=\"https:\/\/bigdata.nc\/wp-content\/uploads\/2016\/10\/Capture-d\u2019e\u0301cran-2017-09-26-a\u0300-19.03.21.png 1519w, https:\/\/bigdata.nc\/wp-content\/uploads\/2016\/10\/Capture-d\u2019e\u0301cran-2017-09-26-a\u0300-19.03.21-300x22.png 300w, https:\/\/bigdata.nc\/wp-content\/uploads\/2016\/10\/Capture-d\u2019e\u0301cran-2017-09-26-a\u0300-19.03.21-768x55.png 768w, https:\/\/bigdata.nc\/wp-content\/uploads\/2016\/10\/Capture-d\u2019e\u0301cran-2017-09-26-a\u0300-19.03.21-1024x73.png 1024w\" sizes=\"auto, (max-width: 1519px) 100vw, 1519px\" \/><\/p>\n<p style=\"text-align: center;\">\n","protected":false},"excerpt":{"rendered":"<p>Le Wi-Fi client dans les\u00a0restaurant est devenu un standard. Cependant, tous ne sont pas pleinement conscients de l&#8217;importance du r\u00e9seau sans fil pour le confort des clients. 75% des personnes interrog\u00e9es pensent que la connexion Wi-Fi est le deuxi\u00e8me attribut le plus important d&#8217;un bon restaurant. Que font les gens dans un caf\u00e9 ou dans [&hellip;]<\/p>\n","protected":false},"author":1,"featured_media":0,"parent":26,"menu_order":0,"comment_status":"closed","ping_status":"closed","template":"","meta":{"footnotes":""},"categories":[],"tags":[],"class_list":["post-226","page","type-page","status-publish","hentry","blog-style1"],"_links":{"self":[{"href":"https:\/\/bigdata.nc\/index.php?rest_route=\/wp\/v2\/pages\/226","targetHints":{"allow":["GET"]}}],"collection":[{"href":"https:\/\/bigdata.nc\/index.php?rest_route=\/wp\/v2\/pages"}],"about":[{"href":"https:\/\/bigdata.nc\/index.php?rest_route=\/wp\/v2\/types\/page"}],"author":[{"embeddable":true,"href":"https:\/\/bigdata.nc\/index.php?rest_route=\/wp\/v2\/users\/1"}],"replies":[{"embeddable":true,"href":"https:\/\/bigdata.nc\/index.php?rest_route=%2Fwp%2Fv2%2Fcomments&post=226"}],"version-history":[{"count":38,"href":"https:\/\/bigdata.nc\/index.php?rest_route=\/wp\/v2\/pages\/226\/revisions"}],"predecessor-version":[{"id":912,"href":"https:\/\/bigdata.nc\/index.php?rest_route=\/wp\/v2\/pages\/226\/revisions\/912"}],"up":[{"embeddable":true,"href":"https:\/\/bigdata.nc\/index.php?rest_route=\/wp\/v2\/pages\/26"}],"wp:attachment":[{"href":"https:\/\/bigdata.nc\/index.php?rest_route=%2Fwp%2Fv2%2Fmedia&parent=226"}],"wp:term":[{"taxonomy":"category","embeddable":true,"href":"https:\/\/bigdata.nc\/index.php?rest_route=%2Fwp%2Fv2%2Fcategories&post=226"},{"taxonomy":"post_tag","embeddable":true,"href":"https:\/\/bigdata.nc\/index.php?rest_route=%2Fwp%2Fv2%2Ftags&post=226"}],"curies":[{"name":"wp","href":"https:\/\/api.w.org\/{rel}","templated":true}]}}