{"id":246,"date":"2016-06-19T20:26:05","date_gmt":"2016-06-19T09:26:05","guid":{"rendered":"http:\/\/bigdata.nc\/?page_id=246"},"modified":"2016-09-19T13:39:52","modified_gmt":"2016-09-19T02:39:52","slug":"smart-city","status":"publish","type":"page","link":"https:\/\/bigdata.nc\/?page_id=246","title":{"rendered":"SMART CITY"},"content":{"rendered":"<p style=\"text-align: center;\"><span style=\"font-family: 'arial black', sans-serif; font-size: 18pt;\">COMPTER LES GENS DANS LA RUE ET LES LIEUX PUBLICS<\/span><\/p>\n<p style=\"text-align: center;\"><span style=\"font-family: 'arial black', sans-serif; font-size: 18pt;\">APPRENDRE LA MANIERE DONT ILS SE DEPLACENT<\/span><\/p>\n<p><img loading=\"lazy\" decoding=\"async\" class=\"aligncenter size-full wp-image-177\" src=\"https:\/\/bigdata.nc\/wp-content\/uploads\/2016\/04\/terminalpano-1.png\" alt=\"terminalpano\" width=\"1500\" height=\"350\" srcset=\"https:\/\/bigdata.nc\/wp-content\/uploads\/2016\/04\/terminalpano-1.png 1500w, https:\/\/bigdata.nc\/wp-content\/uploads\/2016\/04\/terminalpano-1-300x70.png 300w, https:\/\/bigdata.nc\/wp-content\/uploads\/2016\/04\/terminalpano-1-768x179.png 768w, https:\/\/bigdata.nc\/wp-content\/uploads\/2016\/04\/terminalpano-1-1024x239.png 1024w\" sizes=\"auto, (max-width: 1500px) 100vw, 1500px\" \/><\/p>\n<p style=\"text-align: center;\"><span style=\"font-family: 'arial black', sans-serif; font-size: 18pt;\">VALIDER PRECISEMENT ET SANS DELAI<\/span><\/p>\n<p style=\"text-align: center;\"><span style=\"font-family: 'arial black', sans-serif; font-size: 18pt;\">L &#8216;IMPACT DE VOS DECISIONS A L&#8217;AIDE DE DONNEES\u00a0CHIFFREES<\/span><\/p>\n<p style=\"text-align: center;\">\n<p style=\"text-align: left;\"><span style=\"font-size: 14pt; font-family: arial, helvetica, sans-serif;\">Vous pouvez mesurer pr\u00e9cis\u00e9ment: <\/span><\/p>\n<p style=\"text-align: left;\"><span style=\"font-size: 14pt; font-family: arial, helvetica, sans-serif;\">O\u00f9 les gens vont combien de fois ils reviennent combien de temps ils restent \u00e0 chaque endroit<\/span><\/p>\n<p><img loading=\"lazy\" decoding=\"async\" class=\"aligncenter size-full wp-image-537\" src=\"https:\/\/bigdata.nc\/wp-content\/uploads\/2016\/06\/montagefluxqlatin.png\" alt=\"montagefluxqlatin\" width=\"1886\" height=\"1192\" srcset=\"https:\/\/bigdata.nc\/wp-content\/uploads\/2016\/06\/montagefluxqlatin.png 1886w, https:\/\/bigdata.nc\/wp-content\/uploads\/2016\/06\/montagefluxqlatin-300x190.png 300w, https:\/\/bigdata.nc\/wp-content\/uploads\/2016\/06\/montagefluxqlatin-768x485.png 768w, https:\/\/bigdata.nc\/wp-content\/uploads\/2016\/06\/montagefluxqlatin-1024x647.png 1024w\" sizes=\"auto, (max-width: 1886px) 100vw, 1886px\" \/><br \/>\n<img loading=\"lazy\" decoding=\"async\" class=\"aligncenter size-full wp-image-156\" style=\"line-height: 1.5;\" src=\"https:\/\/bigdata.nc\/wp-content\/uploads\/2016\/04\/P1070505-2.png\" alt=\"P1070505 2\" width=\"1500\" height=\"350\" srcset=\"https:\/\/bigdata.nc\/wp-content\/uploads\/2016\/04\/P1070505-2.png 1500w, https:\/\/bigdata.nc\/wp-content\/uploads\/2016\/04\/P1070505-2-300x70.png 300w, https:\/\/bigdata.nc\/wp-content\/uploads\/2016\/04\/P1070505-2-768x179.png 768w, https:\/\/bigdata.nc\/wp-content\/uploads\/2016\/04\/P1070505-2-1024x239.png 1024w\" sizes=\"auto, (max-width: 1500px) 100vw, 1500px\" \/><\/p>\n<pre id=\"tw-target-text\" class=\"tw-data-text vk_txt tw-ta tw-text-small\" dir=\"ltr\" data-placeholder=\"Traduction\" data-fulltext=\"\"><span lang=\"fr\"><span style=\"font-family: arial, helvetica, sans-serif; font-size: 14pt;\">\r\nquels moyens de transport ils utilisent,\r\nqu'ils soient r\u00e9sidents locaux ou touristes.\r\n\r\n<img loading=\"lazy\" decoding=\"async\" class=\"aligncenter size-full wp-image-402\" src=\"https:\/\/bigdata.nc\/wp-content\/uploads\/2016\/06\/infographiesmart1.png\" alt=\"infographiesmart1\" width=\"1524\" height=\"290\" srcset=\"https:\/\/bigdata.nc\/wp-content\/uploads\/2016\/06\/infographiesmart1.png 1524w, https:\/\/bigdata.nc\/wp-content\/uploads\/2016\/06\/infographiesmart1-300x57.png 300w, https:\/\/bigdata.nc\/wp-content\/uploads\/2016\/06\/infographiesmart1-768x146.png 768w, https:\/\/bigdata.nc\/wp-content\/uploads\/2016\/06\/infographiesmart1-1024x195.png 1024w\" sizes=\"auto, (max-width: 1524px) 100vw, 1524px\" \/>\r\n\r\n\r\ncombien de visiteurs ont \u00e9t\u00e9 attir\u00e9s par un \u00e9v\u00e9nement ponctuel?\r\n\r\nont-ils fr\u00e9quent\u00e9 des restaurants, des magasins, ou plut\u00f4t quitt\u00e9 la ville <\/span>\r\n<span style=\"font-family: arial, helvetica, sans-serif; font-size: 14pt;\">imm\u00e9diatement en directions des baies\r\ncomment un investissement (par exemple nouveau site de loisirs, nouvelle exposition, <\/span>\r\n<span style=\"font-family: arial, helvetica, sans-serif; font-size: 14pt;\">le changement d'organisation du trafic) \r\na influenc\u00e9 la fa\u00e7on dont les gens se d\u00e9placent \u00e0 travers la ville\r\nat-il augment\u00e9 le taux de visiteurs?\r\nat-il augment\u00e9 le temps global pass\u00e9 dans la ville par les visiteurs?\r\nQuel est l'impact de la m\u00e9t\u00e9o sur le nombre de visiteurs ?\r\nQuel trajet effectuent les touristes ?\r\n\r\n<img loading=\"lazy\" decoding=\"async\" class=\"aligncenter size-full wp-image-400\" src=\"https:\/\/bigdata.nc\/wp-content\/uploads\/2016\/06\/honeyaccess-city-monitoring-3.png\" alt=\"honeyaccess-city-monitoring-3\" width=\"1240\" height=\"1754\" srcset=\"https:\/\/bigdata.nc\/wp-content\/uploads\/2016\/06\/honeyaccess-city-monitoring-3.png 1240w, https:\/\/bigdata.nc\/wp-content\/uploads\/2016\/06\/honeyaccess-city-monitoring-3-212x300.png 212w, https:\/\/bigdata.nc\/wp-content\/uploads\/2016\/06\/honeyaccess-city-monitoring-3-768x1086.png 768w, https:\/\/bigdata.nc\/wp-content\/uploads\/2016\/06\/honeyaccess-city-monitoring-3-724x1024.png 724w\" sizes=\"auto, (max-width: 1240px) 100vw, 1240px\" \/>\r\n\r\n<\/span><\/span><\/pre>\n","protected":false},"excerpt":{"rendered":"<p>COMPTER LES GENS DANS LA RUE ET LES LIEUX PUBLICS APPRENDRE LA MANIERE DONT ILS SE DEPLACENT VALIDER PRECISEMENT ET SANS DELAI L &#8216;IMPACT DE VOS DECISIONS A L&#8217;AIDE DE DONNEES\u00a0CHIFFREES Vous pouvez mesurer pr\u00e9cis\u00e9ment: O\u00f9 les gens vont combien de fois ils reviennent combien de temps ils restent \u00e0 chaque endroit quels moyens de [&hellip;]<\/p>\n","protected":false},"author":1,"featured_media":0,"parent":0,"menu_order":0,"comment_status":"closed","ping_status":"closed","template":"","meta":{"footnotes":""},"categories":[],"tags":[],"class_list":["post-246","page","type-page","status-publish","hentry","blog-style1"],"_links":{"self":[{"href":"https:\/\/bigdata.nc\/index.php?rest_route=\/wp\/v2\/pages\/246","targetHints":{"allow":["GET"]}}],"collection":[{"href":"https:\/\/bigdata.nc\/index.php?rest_route=\/wp\/v2\/pages"}],"about":[{"href":"https:\/\/bigdata.nc\/index.php?rest_route=\/wp\/v2\/types\/page"}],"author":[{"embeddable":true,"href":"https:\/\/bigdata.nc\/index.php?rest_route=\/wp\/v2\/users\/1"}],"replies":[{"embeddable":true,"href":"https:\/\/bigdata.nc\/index.php?rest_route=%2Fwp%2Fv2%2Fcomments&post=246"}],"version-history":[{"count":14,"href":"https:\/\/bigdata.nc\/index.php?rest_route=\/wp\/v2\/pages\/246\/revisions"}],"predecessor-version":[{"id":539,"href":"https:\/\/bigdata.nc\/index.php?rest_route=\/wp\/v2\/pages\/246\/revisions\/539"}],"wp:attachment":[{"href":"https:\/\/bigdata.nc\/index.php?rest_route=%2Fwp%2Fv2%2Fmedia&parent=246"}],"wp:term":[{"taxonomy":"category","embeddable":true,"href":"https:\/\/bigdata.nc\/index.php?rest_route=%2Fwp%2Fv2%2Fcategories&post=246"},{"taxonomy":"post_tag","embeddable":true,"href":"https:\/\/bigdata.nc\/index.php?rest_route=%2Fwp%2Fv2%2Ftags&post=246"}],"curies":[{"name":"wp","href":"https:\/\/api.w.org\/{rel}","templated":true}]}}