{"id":26,"date":"2016-03-21T05:40:08","date_gmt":"2016-03-21T04:40:08","guid":{"rendered":"http:\/\/bigdata.nc\/?page_id=26"},"modified":"2018-02-12T16:19:13","modified_gmt":"2018-02-12T05:19:13","slug":"social-wifi","status":"publish","type":"page","link":"https:\/\/bigdata.nc\/?page_id=26","title":{"rendered":"Social WIFI"},"content":{"rendered":"<h3 style=\"text-align: center;\"><span style=\"font-size: 18pt;\">TRANSFORMEZ VOTRE WIFI CLIENT EN CENTRE DE PROFIT<\/span><\/h3>\n<p>&nbsp;<\/p>\n<div class=\"csRow\">\n<div class=\"csColumnGap\" style=\"margin: 0px; padding: 0px; float: left; width: 1.56%;\"><img decoding=\"async\" style=\"border: none;\" src=\"https:\/\/bigdata.nc\/wp-content\/plugins\/advanced-wp-columns\/assets\/js\/plugins\/views\/img\/1x1-pixel.png\" \/><\/div>\n<div class=\"csColumn\" style=\"margin: 0px; padding: 0px; float: left; width: 47.7%;\" data-csstartpoint=\"15\" data-csendpoint=\"472.5\" data-cswidth=\"47.7%\" data-csid=\"1de7bd7b-6b37-d49d-904f-e314d8b4ae1b\">\n<h2 style=\"text-align: center;\">CLUBS DE FITNESS<\/h2>\n<p><a href=\"https:\/\/bigdata.nc\/?page_id=460\"><img loading=\"lazy\" decoding=\"async\" src=\"https:\/\/bigdata.nc\/wp-content\/uploads\/2016\/10\/girl-in-the-gym-1391369_1280.jpg\" alt=\"salles de sport\" width=\"1280\" height=\"720\" \/><\/a><\/p>\n<h2 style=\"text-align: center;\">BARS A MUSIQUE<\/h2>\n<p><a href=\"https:\/\/bigdata.nc\/?page_id=216\"><img loading=\"lazy\" decoding=\"async\" src=\"https:\/\/bigdata.nc\/wp-content\/uploads\/2016\/10\/music-844869_1920.jpg\" alt=\"\" width=\"443\" height=\"295\" \/><\/a><\/p>\n<h2 style=\"text-align: center;\">CONCERTS<\/h2>\n<p><img loading=\"lazy\" decoding=\"async\" src=\"https:\/\/bigdata.nc\/wp-content\/uploads\/2016\/10\/live-695475_1920.jpg\" alt=\"\" width=\"443\" height=\"248\" \/><\/p>\n<h2 style=\"text-align: center;\">DISCOTHEQUES<\/h2>\n<p><img loading=\"lazy\" decoding=\"async\" src=\"https:\/\/bigdata.nc\/wp-content\/uploads\/2016\/10\/mixer-886899_1920.jpg\" alt=\"\" width=\"443\" height=\"248\" \/><\/p>\n<h2 style=\"text-align: center;\">AFTER WORK<\/h2>\n<p><img loading=\"lazy\" decoding=\"async\" src=\"https:\/\/bigdata.nc\/wp-content\/uploads\/2016\/10\/girl-1064664_1920.jpg\" alt=\"\" width=\"443\" height=\"295\" \/><\/p>\n<h2 style=\"text-align: center;\">RESTAURANTS<\/h2>\n<p><a href=\"https:\/\/bigdata.nc\/?page_id=226\"><img loading=\"lazy\" decoding=\"async\" src=\"https:\/\/bigdata.nc\/wp-content\/uploads\/2016\/10\/restaurant-1685939_1920.jpg\" alt=\"\" width=\"443\" height=\"295\" \/><\/a><\/p>\n<h2 style=\"text-align: center;\">BOUTIQUES<\/h2>\n<p><img loading=\"lazy\" decoding=\"async\" src=\"https:\/\/bigdata.nc\/wp-content\/uploads\/2016\/10\/store-984393_1920.jpg\" alt=\"\" width=\"443\" height=\"295\" \/><\/p>\n<h2 style=\"text-align: center;\">GRANDES ET MOYENNES SURFACES<\/h2>\n<p><img loading=\"lazy\" decoding=\"async\" src=\"https:\/\/bigdata.nc\/wp-content\/uploads\/2016\/10\/supermarket-949913_1920.jpg\" alt=\"\" width=\"443\" height=\"293\" \/><\/p>\n<\/div>\n<div class=\"csColumnGap\" style=\"margin: 0px; padding: 0px; float: left; width: 1.56%;\"><img decoding=\"async\" style=\"border: none;\" src=\"https:\/\/bigdata.nc\/wp-content\/plugins\/advanced-wp-columns\/assets\/js\/plugins\/views\/img\/1x1-pixel.png\" \/><\/div>\n<div class=\"csColumn\" style=\"margin: 0px; padding: 0px; float: left; width: 47.7%;\" data-csstartpoint=\"487.5\" data-csendpoint=\"945\" data-cswidth=\"47.7%\" data-csid=\"7364dbe6-9df5-f1b6-8f08-49ea47b93b3f\">\n<h2 style=\"text-align: center;\">SALONS DE COIFFURE<\/h2>\n<p><a href=\"https:\/\/bigdata.nc\/?page_id=495\"><img loading=\"lazy\" decoding=\"async\" src=\"https:\/\/bigdata.nc\/wp-content\/uploads\/2016\/10\/hair-salon-529917_1920.jpg\" alt=\"\" width=\"443\" height=\"293\" \/><\/a><\/p>\n<h2 style=\"text-align: center;\">SALONS D&#8217;ESTHETIQUE<\/h2>\n<p><img loading=\"lazy\" decoding=\"async\" src=\"https:\/\/bigdata.nc\/wp-content\/uploads\/2016\/10\/beauty-saloon-569111_1920-1.jpg\" alt=\"\" width=\"443\" height=\"295\" \/><\/p>\n<h2 style=\"text-align: center;\">SALLES D&#8217;ATTENTE<\/h2>\n<p><img loading=\"lazy\" decoding=\"async\" src=\"https:\/\/bigdata.nc\/wp-content\/uploads\/2016\/10\/waiting-room-548136_1280.jpg\" alt=\"\" width=\"443\" height=\"295\" \/><\/p>\n<h2 style=\"text-align: center;\">SHOWROOMS<\/h2>\n<p><img loading=\"lazy\" decoding=\"async\" src=\"https:\/\/bigdata.nc\/wp-content\/uploads\/2016\/10\/mercedes-benz-1417070_1920.jpg\" alt=\"\" width=\"443\" height=\"250\" \/><\/p>\n<h2 style=\"text-align: center;\">ETABLISSEMENTS RECEVANT DU PUBLIC<\/h2>\n<p><img loading=\"lazy\" decoding=\"async\" src=\"https:\/\/bigdata.nc\/wp-content\/uploads\/2016\/10\/valencia-1663720_1920.jpg\" alt=\"\" width=\"443\" height=\"295\" \/><\/p>\n<h2 style=\"text-align: center;\">SALLES DE FORMATION<\/h2>\n<p><img loading=\"lazy\" decoding=\"async\" src=\"https:\/\/bigdata.nc\/wp-content\/uploads\/2016\/10\/interior-design-828545_1280.jpg\" alt=\"\" width=\"443\" height=\"249\" \/><\/p>\n<h2 style=\"text-align: center;\">HOTELS<\/h2>\n<p><img loading=\"lazy\" decoding=\"async\" src=\"https:\/\/bigdata.nc\/wp-content\/uploads\/2016\/10\/maldives-666122_1920.jpg\" alt=\"\" width=\"443\" height=\"296\" \/><\/p>\n<h2 style=\"text-align: center;\">CENTRES COMMERCIAUX<\/h2>\n<p><img loading=\"lazy\" decoding=\"async\" src=\"https:\/\/bigdata.nc\/wp-content\/uploads\/2016\/10\/central-embassy-498554_1920.jpg\" alt=\"\" width=\"443\" height=\"295\" \/><\/p>\n<\/div>\n<div class=\"csColumnGap\" style=\"margin: 0px; padding: 0px; float: left; width: 1.56%;\"><img decoding=\"async\" style=\"border: none;\" src=\"https:\/\/bigdata.nc\/wp-content\/plugins\/advanced-wp-columns\/assets\/js\/plugins\/views\/img\/1x1-pixel.png\" \/><\/div>\n<div style=\"clear: both; float: none; display: block; visibility: hidden; width: 0px; font-size: 0px; line-height: 0;\"><\/div>\n<\/div>\n<h3><img loading=\"lazy\" decoding=\"async\" class=\"alignnone size-full wp-image-104 aligncenter\" src=\"https:\/\/bigdata.nc\/wp-content\/uploads\/2016\/03\/SOCIALWIFIME.png\" alt=\"SOCIALWIFIME\" width=\"1244\" height=\"897\" srcset=\"https:\/\/bigdata.nc\/wp-content\/uploads\/2016\/03\/SOCIALWIFIME.png 1244w, https:\/\/bigdata.nc\/wp-content\/uploads\/2016\/03\/SOCIALWIFIME-300x216.png 300w, https:\/\/bigdata.nc\/wp-content\/uploads\/2016\/03\/SOCIALWIFIME-768x554.png 768w, https:\/\/bigdata.nc\/wp-content\/uploads\/2016\/03\/SOCIALWIFIME-1024x738.png 1024w\" sizes=\"auto, (max-width: 1244px) 100vw, 1244px\" \/><\/h3>\n<h3 style=\"text-align: center;\">Social Login<\/h3>\n<p><span style=\"font-size: 14pt;\">Permettez \u00e0 vos clients de se connecter au WiFi \u00e0 travers les identifiants de leur r\u00e9seau social pr\u00e9f\u00e9r\u00e9. Gr\u00e2ce \u00e0 la connexion via r\u00e9seau social, aucun enregistrement n\u2019est requis, vos clients peuvent se connecter rapidement et en toute simplicit\u00e9 sans aucune autre identification. Vous pouvez \u00e9galement collecter et exporter leurs donn\u00e9es de profil.<\/span><br \/>\n<span style=\"font-size: 14pt;\"> Vos clients ne sont pas vraiment branch\u00e9s r\u00e9seaux sociaux\u00a0? Ils peuvent toujours acc\u00e9der \u00e0 socialwifi\u00a0via une des autres m\u00e9thodes d\u2019identification.<\/span><\/p>\n<p>&nbsp;<\/p>\n<p><img loading=\"lazy\" decoding=\"async\" class=\"aligncenter size-full wp-image-848\" src=\"https:\/\/bigdata.nc\/wp-content\/uploads\/2016\/03\/Capture-d\u2019e\u0301cran-2017-11-10-a\u0300-13.50.09.png\" alt=\"\" width=\"766\" height=\"481\" srcset=\"https:\/\/bigdata.nc\/wp-content\/uploads\/2016\/03\/Capture-d\u2019e\u0301cran-2017-11-10-a\u0300-13.50.09.png 766w, https:\/\/bigdata.nc\/wp-content\/uploads\/2016\/03\/Capture-d\u2019e\u0301cran-2017-11-10-a\u0300-13.50.09-300x188.png 300w\" sizes=\"auto, (max-width: 766px) 100vw, 766px\" \/><\/p>\n<h3 style=\"text-align: center;\">Publicit\u00e9 avant connexion<\/h3>\n<p style=\"text-align: center;\"><span style=\"font-size: 14pt;\">Avant m\u00eame de rejoindre votre \u00e9tablissement, d\u00e8s que votre r\u00e9seau est visible vous \u00eates invit\u00e9s \u00e0 vous connecter via un pop up dont la dur\u00e9e d&#8217;affichage est fix\u00e9e \u00e0 l&#8217;avance<\/span><\/p>\n<p style=\"text-align: center;\"><span style=\"font-size: 14pt;\">Cet espace qui accepte images ou vid\u00e9os peut-\u00eatre publicis\u00e9 aux couleurs de vos sponsors c&#8217;est un passage obligatoire avant chaque session.\u00a0<\/span><\/p>\n<p><img loading=\"lazy\" decoding=\"async\" class=\"aligncenter size-full wp-image-723\" src=\"https:\/\/bigdata.nc\/wp-content\/uploads\/2016\/10\/linredit.png\" alt=\"\" width=\"800\" height=\"1067\" srcset=\"https:\/\/bigdata.nc\/wp-content\/uploads\/2016\/10\/linredit.png 800w, https:\/\/bigdata.nc\/wp-content\/uploads\/2016\/10\/linredit-225x300.png 225w, https:\/\/bigdata.nc\/wp-content\/uploads\/2016\/10\/linredit-768x1024.png 768w\" sizes=\"auto, (max-width: 800px) 100vw, 800px\" \/><\/p>\n<p>&nbsp;<\/p>\n<h3><\/h3>\n<h3 style=\"text-align: center;\">Portail invit\u00e9 et Page d\u2019Accueil<\/h3>\n<p style=\"text-align: center;\"><span style=\"font-size: 14pt;\">Vos clients sont automatiquement dirig\u00e9s vers un portail captif personnalis\u00e9 \u00e0 l\u2019image de votre marque ou de votre soci\u00e9t\u00e9.<\/span><br \/>\n<span style=\"font-size: 14pt;\"> Vous pouvez \u00e9galement personnaliser la \u201cpage\u00a0d\u2019accueil\u201d sur laquelle les utilisateurs seront redirig\u00e9s \u00e0 la connexion.<\/span><br \/>\n<span style=\"font-size: 14pt;\"> D\u00e9veloppez un marketing WiFi pour booster votre activit\u00e9.<\/span><\/p>\n<p>&nbsp;<\/p>\n<p><img loading=\"lazy\" decoding=\"async\" class=\"aligncenter wp-image-843\" src=\"https:\/\/bigdata.nc\/wp-content\/uploads\/2016\/03\/Capture-d\u2019e\u0301cran-2017-11-10-a\u0300-13.41.15.png\" alt=\"\" width=\"944\" height=\"370\" \/><\/p>\n<p>&nbsp;<\/p>\n<p>&nbsp;<\/p>\n<h3 style=\"text-align: center;\">Augmentez le nombre de vos fans Facebook<\/h3>\n<p><span style=\"font-size: 14pt;\">Gr\u00e2ce au Social WiFi de WiSpot, vous pouvez rapidement faire grossir votre groupe de fans sur Facebook. Vous pouvez demander \u00e0 vos clients de \u00ab\u00a0Liker\u00a0\u00bb votre page avant de se connecter et promouvoir ainsi vos services. Vous n\u2019avez qu\u2019\u00e0 activer la fonction et \u00e0 configurer votre page, Bigdata\u00a0se charge du reste.<\/span><\/p>\n<p>&nbsp;<\/p>\n<p><img loading=\"lazy\" decoding=\"async\" class=\"aligncenter wp-image-839\" src=\"https:\/\/bigdata.nc\/wp-content\/uploads\/2016\/03\/likemachine.png\" alt=\"\" width=\"984\" height=\"424\" \/><\/p>\n<h3 style=\"text-align: center;\">Donnez plus de visibilit\u00e9 \u00e0 votre activit\u00e9<\/h3>\n<p><span style=\"font-size: 14pt;\">Gr\u00e2ce au Partage R\u00e9seau Social de socialwifi, un statut personnalis\u00e9 sera automatiquement publi\u00e9 sur le mur Facebook de vos clients qui se connectent au WiFi, avec un lien vers votre site Internet. Tous leurs amis Facebook pourront donc visualiser le nom de votre soci\u00e9t\u00e9 sur leur flux Facebook et visiter votre page, connaitre vos produits et offres sp\u00e9ciales. Une publicit\u00e9 gratuite\u00a0 gr\u00e2ce au Social WiFi.<\/span><\/p>\n<h3 style=\"text-align: center;\">Collecte automatique des donn\u00e9es utilisateur<\/h3>\n<p><span style=\"font-size: 14pt;\">Social WiFi vous permet de collecter de fa\u00e7on automatique les donn\u00e9es utilisateur, r\u00e9cup\u00e9r\u00e9es via leur profil r\u00e9seau social.\u00a0 Une fois ces donn\u00e9es obtenues, vous pouvez les exporter et les utiliser \u00e0 des fins marketing, par exemple pour de la publicit\u00e9 ou des campagnes de fid\u00e9lit\u00e9. Tout cela bien s\u00fbr dans le respect des lois sur la confidentialit\u00e9. Vous pourrez ainsi collecter de fa\u00e7on automatique les informations personnelles de vos clients, adresse e-mail, num\u00e9ro de t\u00e9l\u00e9phone et \u00e9laborer des offres cibl\u00e9es et accroitre votre chiffre d\u2019affaires.<\/span><\/p>\n<p><span style=\"font-size: 14pt;\">Vous souhaitez trouver un moyen de r\u00e9cup\u00e9rer les informations de contact de vos clients et ainsi leur proposer des offres sp\u00e9ciales ou leur envoyer de la publicit\u00e9 cibl\u00e9e? Gr\u00e2ce \u00e0 Socialwifi, c\u2019est possible!<\/span><br \/>\n<span style=\"font-size: 14pt;\"> Configurez socialwifi\u00a0pour demander aux utilisateurs de fournir leur nom, adresse e-mail et num\u00e9ro de t\u00e9l\u00e9phone \u00e0 la connexion. Exportez ensuite ces donn\u00e9es pour \u00e9laborer des campagnes publicitaires et promouvoir votre activit\u00e9.<\/span><br \/>\n<span style=\"font-size: 14pt;\"> Tout cela de fa\u00e7on automatique et dans le strict respect des lois sur la confidentialit\u00e9 et de la vie priv\u00e9e.<\/span><\/p>\n<p>&nbsp;<\/p>\n<p><img loading=\"lazy\" decoding=\"async\" class=\"aligncenter wp-image-845\" src=\"https:\/\/bigdata.nc\/wp-content\/uploads\/2016\/03\/Capture-d\u2019e\u0301cran-2017-11-10-a\u0300-13.41.56.png\" alt=\"\" width=\"1111\" height=\"325\" \/><\/p>\n<h3 style=\"text-align: center;\">R\u00e9seaux F\u00e9d\u00e9r\u00e9s<\/h3>\n<p><span style=\"font-size: 14pt;\">Vous avez le besoin d\u2019installer des points hotspot WiFi dans plusieurs locaux tout en les g\u00e9rant de fa\u00e7on centralis\u00e9e, sous la m\u00eame enseigne?<\/span><br \/>\n<span style=\"font-size: 14pt;\"> SOCIALWIFI\u00a0vous permet de g\u00e9rer des r\u00e9seaux f\u00e9d\u00e9r\u00e9s, soit diff\u00e9rents points hotspot distants mais tous avec la m\u00eame configuration, rattach\u00e9s au m\u00eame compte et g\u00e9r\u00e9s par un seul espace de gestion en ligne. Gr\u00e2ce \u00e0 cette fonctionnalit\u00e9, vous pouvez contr\u00f4ler le r\u00e9seau WiFi de plusieurs locaux (jusqu\u2019\u00e0 plusieurs milliers si besoin) via un seul espace de gestion centralis\u00e9. Les r\u00e9seaux f\u00e9d\u00e9r\u00e9s sont compl\u00e8tement personnalisables afin de r\u00e9pondre aux besoins marketing de votre marque.<\/span><\/p>\n<p>&nbsp;<\/p>\n<h3 class=\"p3\" style=\"text-align: center;\">R\u00e9f\u00e9rences<\/h3>\n\n\t\t<style>\n\t\t\t#wpls-logo-showcase-slider-1 .wpls-fix-box,\n\t\t\t#wpls-logo-showcase-slider-1 .wpls-fix-box img.wp-post-image{max-height:250px; }\n\t\t<\/style>\n\n\t\t<div class=\"wpls-wrap wpls-logo-showcase-slider-wrp wpls-logo-clearfix wpls-design-1 \" data-conf=\"{&quot;slides_column&quot;:4,&quot;slides_scroll&quot;:1,&quot;dots&quot;:&quot;true&quot;,&quot;arrows&quot;:&quot;true&quot;,&quot;autoplay&quot;:&quot;true&quot;,&quot;autoplay_interval&quot;:3000,&quot;loop&quot;:&quot;true&quot;,&quot;rtl&quot;:&quot;false&quot;,&quot;speed&quot;:800,&quot;center_mode&quot;:&quot;false&quot;,&quot;lazyload&quot;:&quot;&quot;}\">\n\t\t\t<div class=\"wpls-logo-showcase logo_showcase wpls-logo-slider  sliderimage_hide_border \" id=\"wpls-logo-showcase-slider-1\" >\n\t\t\t\t<div class=\"wpls-logo-cnt\">\n\t<div class=\"wpls-fix-box\">\n\t\t\t\t<a href=\"http:\/\/www.betico2.nc\" target=\"_self\">\n\t\t\t<img decoding=\"async\" class=\"wp-post-image\"  src=\"https:\/\/bigdata.nc\/wp-content\/uploads\/2017\/10\/logo-betico2-e1508794632828.png\" alt=\"\" \/>\n\t\t<\/a>\n\t\t\t<\/div>\n\t<\/div><div class=\"wpls-logo-cnt\">\n\t<div class=\"wpls-fix-box\">\n\t\t\t\t<img decoding=\"async\" class=\"wp-post-image\"  src=\"https:\/\/bigdata.nc\/wp-content\/uploads\/2017\/10\/Logo-Arc-en-Ciel-Voyages1-200x200.png\" alt=\"\" \/>\n\t\t\t<\/div>\n\t<\/div><div class=\"wpls-logo-cnt\">\n\t<div class=\"wpls-fix-box\">\n\t\t\t\t<a href=\"http:\/\/www.mcdonalds.nc\/\" target=\"_self\">\n\t\t\t<img decoding=\"async\" class=\"wp-post-image\"  src=\"https:\/\/bigdata.nc\/wp-content\/uploads\/2017\/10\/mcdonalds_india_logo-e1508745181546.png\" alt=\"\" \/>\n\t\t<\/a>\n\t\t\t<\/div>\n\t<\/div><div class=\"wpls-logo-cnt\">\n\t<div class=\"wpls-fix-box\">\n\t\t\t\t<a href=\"https:\/\/www.facebook.com\/RestaurantLaChaumiereNoumea\/\" target=\"_self\">\n\t\t\t<img decoding=\"async\" class=\"wp-post-image\"  src=\"https:\/\/bigdata.nc\/wp-content\/uploads\/2017\/10\/images-e1508994058430.jpeg\" alt=\"\" \/>\n\t\t<\/a>\n\t\t\t<\/div>\n\t<\/div><div class=\"wpls-logo-cnt\">\n\t<div class=\"wpls-fix-box\">\n\t\t\t\t<a href=\"http:\/\/marmiteettirebouchon.com\/\" target=\"_self\">\n\t\t\t<img decoding=\"async\" class=\"wp-post-image\"  src=\"https:\/\/bigdata.nc\/wp-content\/uploads\/2017\/10\/logomarmite.jpeg\" alt=\"\" \/>\n\t\t<\/a>\n\t\t\t<\/div>\n\t<\/div><div class=\"wpls-logo-cnt\">\n\t<div class=\"wpls-fix-box\">\n\t\t\t\t<a href=\"https:\/\/www.facebook.com\/RestaurantTexasGrillNoumea\/\" target=\"_self\">\n\t\t\t<img decoding=\"async\" class=\"wp-post-image\"  src=\"https:\/\/bigdata.nc\/wp-content\/uploads\/2017\/10\/m_logo-restaurant-texas-grill-noumea-150x133.jpg\" alt=\"\" \/>\n\t\t<\/a>\n\t\t\t<\/div>\n\t<\/div><div class=\"wpls-logo-cnt\">\n\t<div class=\"wpls-fix-box\">\n\t\t\t\t<img decoding=\"async\" class=\"wp-post-image\"  src=\"https:\/\/bigdata.nc\/wp-content\/uploads\/2018\/02\/logo-arlequin-e1518412045472.jpg\" alt=\"\" \/>\n\t\t\t<\/div>\n\t<\/div><div class=\"wpls-logo-cnt\">\n\t<div class=\"wpls-fix-box\">\n\t\t\t\t<img decoding=\"async\" class=\"wp-post-image\"  src=\"https:\/\/bigdata.nc\/wp-content\/uploads\/2018\/02\/logoentre-terre-et-mer-e1518412493534.jpg\" alt=\"\" \/>\n\t\t\t<\/div>\n\t<\/div>\t\t\t<\/div>\n\t\t<\/div>\n\n\t\t\n","protected":false},"excerpt":{"rendered":"<p>TRANSFORMEZ VOTRE WIFI CLIENT EN CENTRE DE PROFIT &nbsp; CLUBS DE FITNESS BARS A MUSIQUE CONCERTS DISCOTHEQUES AFTER WORK RESTAURANTS BOUTIQUES GRANDES ET MOYENNES SURFACES SALONS DE COIFFURE SALONS D&#8217;ESTHETIQUE SALLES D&#8217;ATTENTE SHOWROOMS ETABLISSEMENTS RECEVANT DU PUBLIC SALLES DE FORMATION HOTELS CENTRES COMMERCIAUX Social Login Permettez \u00e0 vos clients de se connecter au WiFi \u00e0 [&hellip;]<\/p>\n","protected":false},"author":1,"featured_media":0,"parent":0,"menu_order":0,"comment_status":"closed","ping_status":"closed","template":"","meta":{"footnotes":""},"categories":[],"tags":[],"class_list":["post-26","page","type-page","status-publish","hentry","blog-style1"],"_links":{"self":[{"href":"https:\/\/bigdata.nc\/index.php?rest_route=\/wp\/v2\/pages\/26","targetHints":{"allow":["GET"]}}],"collection":[{"href":"https:\/\/bigdata.nc\/index.php?rest_route=\/wp\/v2\/pages"}],"about":[{"href":"https:\/\/bigdata.nc\/index.php?rest_route=\/wp\/v2\/types\/page"}],"author":[{"embeddable":true,"href":"https:\/\/bigdata.nc\/index.php?rest_route=\/wp\/v2\/users\/1"}],"replies":[{"embeddable":true,"href":"https:\/\/bigdata.nc\/index.php?rest_route=%2Fwp%2Fv2%2Fcomments&post=26"}],"version-history":[{"count":21,"href":"https:\/\/bigdata.nc\/index.php?rest_route=\/wp\/v2\/pages\/26\/revisions"}],"predecessor-version":[{"id":849,"href":"https:\/\/bigdata.nc\/index.php?rest_route=\/wp\/v2\/pages\/26\/revisions\/849"}],"wp:attachment":[{"href":"https:\/\/bigdata.nc\/index.php?rest_route=%2Fwp%2Fv2%2Fmedia&parent=26"}],"wp:term":[{"taxonomy":"category","embeddable":true,"href":"https:\/\/bigdata.nc\/index.php?rest_route=%2Fwp%2Fv2%2Fcategories&post=26"},{"taxonomy":"post_tag","embeddable":true,"href":"https:\/\/bigdata.nc\/index.php?rest_route=%2Fwp%2Fv2%2Ftags&post=26"}],"curies":[{"name":"wp","href":"https:\/\/api.w.org\/{rel}","templated":true}]}}