{"id":301,"date":"2016-06-14T20:22:11","date_gmt":"2016-06-14T09:22:11","guid":{"rendered":"http:\/\/bigdata.nc\/?page_id=301"},"modified":"2016-06-29T17:47:53","modified_gmt":"2016-06-29T06:47:53","slug":"e-marketing","status":"publish","type":"page","link":"https:\/\/bigdata.nc\/?page_id=301","title":{"rendered":"I-Beacon"},"content":{"rendered":"<p><img loading=\"lazy\" decoding=\"async\" class=\"aligncenter  wp-image-360\" src=\"https:\/\/bigdata.nc\/wp-content\/uploads\/2016\/06\/infographiebeacon.png\" alt=\"infographiebeacon\" width=\"687\" height=\"292\" \/><\/p>\n<p>&nbsp;<\/p>\n<p style=\"text-align: center;\"><span style=\"font-size: 24pt;\"><strong>La r\u00e9volution Beacon : <\/strong><\/span><\/p>\n<p style=\"text-align: center;\"><span style=\"font-size: 24pt;\"><strong>le vrai du faux de la technologie de g\u00e9olocalisation commerciale qui explose<\/strong><\/span><\/p>\n<p><span style=\"font-size: 14pt;\"><strong>Beacon est une balise de g\u00e9olocalisation, dont la pr\u00e9cision est sup\u00e9rieure aux GPS classiques, et notamment en int\u00e9rieur. On parle alors de micro-localisation. Comme toute technologie interactive, Beacon pourrait \u00e9galement fournir des informations importantes aux commer\u00e7ants<\/strong><\/span><\/p>\n<h3>Qu&#8217;est-ce-que la technologie Beacon ?<\/h3>\n<p><span style=\"font-size: 14pt;\">Beacon signifie simplement balise. Une balise est un bo\u00eetier de quelques centim\u00e8tre qui peut \u00eatre install\u00e9 o\u00f9 l&#8217;on veut et qui \u00e9met dans un rayon jusqu&#8217;\u00e0 quelques dizaines de m\u00e8tres en Bluetooth Low Energy. Ces balises se signalent aux smartphones qui sont dans leurs environnement et leur permettent de se g\u00e9olocaliser pr\u00e9cis\u00e9ment. On parle de micro-localisation (surtout \u00e0 l&#8217;int\u00e9rieur des b\u00e2timents o\u00f9 le GPS ne fonctionne pas) mais au fond c&#8217;est une vieille technique\u00a0: celle des phares qui aident les navires \u00e0 se situer.<\/span><\/p>\n<p><span style=\"font-size: 14pt;\"><strong>Une application sp\u00e9cifique doit \u00eatre install\u00e9e pour pouvoir recevoir les informations et les actions de l&#8217;appli d\u00e9clench\u00e9es par la balise. Le bluetooth doit \u00eatre activ\u00e9 pr\u00e9alablement.\u00a0<\/strong><\/span><\/p>\n<p><span style=\"font-size: 14pt;\">ibeacon est sp\u00e9cifique \u00e0 Apple mais d&#8217;autres concurrents sont en train d\u2019appara\u00eetre notamment<strong>\u00a0<\/strong><strong>Nearby d&#8217;Android<\/strong>\u00a0ou\u00a0<strong>Gimbal<\/strong>\u00a0.<\/span><\/p>\n<p><span style=\"font-size: 14pt;\">L&#8217;avantage de ces technologies, c&#8217;est d&#8217;abord la simplicit\u00e9 dans l&#8217;installation d&#8217;un syst\u00e8me, la faiblesse de la consommation \u00e9nerg\u00e9tique \u2013 une balise peut tenir plus d&#8217;un an sans changer la pile, et le fait que la quasi-totalit\u00e9 des smartphone seront \u00e9quip\u00e9s du smart Bluetooth d&#8217;ici 2017 (l&#8217;autre nom du Bluetooth LE qui semble devenir le standard des objets connect\u00e9s\u00a0: montres, bracelets etc). Mais l&#8217;avantage majeur est le co\u00fbt\u00a0: chaque balise ne co\u00fbte que quelques euros. Et mettre en place un syst\u00e8me de ce type dans un espace commercial simplement le co\u00fbt de d\u00e9veloppement de l&#8217;application.<\/span><\/p>\n<h3><span style=\"font-size: 14pt;\">Comment \u00e7a marche ? Qu&#8217;est-ce que cela apporte \u00e0 l&#8217;utilisateur?<\/span><\/h3>\n<p><span style=\"font-size: 14pt;\">Pour l&#8217;utilisateur final, le consommateur,<strong>\u00a0<\/strong><strong>la premi\u00e8re utilit\u00e9 des iBeacon est celle de pouvoir se localiser pr\u00e9cis\u00e9ment principalement l\u00e0 o\u00f9 le GPS ne fonctionne pas, notamment \u00e0 l&#8217;int\u00e9rieur des immeubles<\/strong>.\u00a0 La seconde est de pouvoir recevoir en push, et donc sans faire d&#8217;effort, des informations sp\u00e9cifiques \u00e0 l&#8217;endroit o\u00f9 il se trouve \u00e0 la condition d&#8217;avoir install\u00e9 l&#8217;application n\u00e9cessaire. On esp\u00e8re ainsi enrichir l&#8217;exp\u00e9rience du consommateur en lui offrant des promotions sp\u00e9cifiques au rayon, des conseils, des services adapt\u00e9s \u00e0 l&#8217;endroit et \u00e0 la situation.\u00a0<strong>Dans un mus\u00e9e on peut ainsi acc\u00e9der directement sur son mobile \u00e0 la notice d&#8217;un tableau<\/strong>. On notera que les actions d\u00e9clench\u00e9es sur le mobile peuvent \u00eatre sp\u00e9cifi\u00e9es selon la distance, la notice sera par exemple lisible sur l&#8217;appli quand on s&#8217;approche \u00e0 moins de deux m\u00e8tres, et si l&#8217;on est au-del\u00e0 de cette limite c&#8217;est le catalogue des \u0153uvres pr\u00e9sent\u00e9es sans la salle qui s&#8217;affichera. L&#8217;important \u00e0 comprendre c&#8217;est que les balises activent diff\u00e9rentes actions selon la distance.<\/span><\/p>\n<h3><span style=\"font-size: 14pt;\">Beacon, fonctionne-t-il de la m\u00eame mani\u00e8re sur Android et IOS ?<\/span><\/h3>\n<p><span style=\"font-size: 14pt;\">En principe oui. Et des dizaines d&#8217;application androids sont disponibles. Il faut simplement au moins une version 4.3.<strong>\u00a0<\/strong><strong>Mais Apple qui est propri\u00e9taire des brevets et de la technologie pourrait tr\u00e8s bien restreindre, ce qui a \u00e9t\u00e9 fait en partie, l&#8217;exploitation de la technologie<\/strong>. Un point important est que sur les Iphone et Ipad, la technologie est int\u00e9gr\u00e9e dans l&#8217;IOS, permettant au smartphone de scanner en permanence et automatiquement les balises, et en fonction de celle-ci d&#8217;activer automatiquement les applications choisies. Il n&#8217;y a donc aucun effort demand\u00e9 \u00e0 l&#8217;utilisateur. Sur Android c&#8217;est moins facile.<\/span><\/p>\n<h3><span style=\"font-size: 14pt;\">Est-ce dangereux pour la collecte de donn\u00e9es des consommateurs ?<\/span><\/h3>\n<p><span style=\"font-size: 14pt;\">Non. Le Bluetooth est unidirectionnel, autrement si la balise envoie peut-\u00eatre des informations vers les t\u00e9l\u00e9phones, elles ne peuvent en recevoir en retour.\u00a0<strong>Le seul recueil d&#8217;information est la localisation des smartphones dans le rayon d&#8217;action.<\/strong>\u00a0C&#8217;est ce qu&#8217;on appele un syst\u00e8me opt-in\u00a0: il requiert l&#8217;agr\u00e9ment pr\u00e9alable de l&#8217;utilisateur.<\/span><\/p>\n<p><span style=\"font-size: 14pt;\">En revanche l&#8217;utilisation des applis pr\u00e9sentent les m\u00eames limites que toutes les applis\u00a0: leur concepteur peut demander plus de droits d&#8217;acc\u00e8s aux donn\u00e9es que n\u00e9cessaires par exemple le droit de publier sur les pages Facebook. C&#8217;est donc \u00e0 l&#8217;utilisateur d&#8217;\u00e9valuer la confiance qu&#8217;il accorde aux applis et aux enseignes qui les proposent.<\/span><\/p>\n<h3><span style=\"font-size: 14pt;\">Quelles sont les possibilit\u00e9s d&#8217;utilisation pour les commer\u00e7ants ? Quels en sont les b\u00e9n\u00e9fices ?<\/span><\/h3>\n<p><span style=\"font-size: 14pt;\">Les possibilit\u00e9s sont tr\u00e8s nombreuses. La plus \u00e9vidente est la g\u00e9olocalisation, ainsi un centre commercial peut avec des beacons dans le parking peut permettre aux clients de retrouver facilement leur voiture. Au-del\u00e0 cette fonction permet de compter les clients, et mieux, de comprendre o\u00f9 il s&#8217;arr\u00eate le plus, les rayons qu&#8217;ils pr\u00e9f\u00e8rent. La seconde est de fournir des contenus, au plus simple des offres promotionnelles propre \u00e0 un rayon quand les consommateurs y passent, mais cela peut-\u00eatre aussi le moyen pour un caf\u00e9 de donner acc\u00e8s \u00e0 la lecture des journaux et magazines (payants). D&#8217;animer les programmes de fid\u00e9lisation en r\u00e9compensant les clients qui fl\u00e2nent dans les rayons que l&#8217;enseigne veut promouvoir, certains stades les proposent pour faciliter l&#8217;acc\u00e8s des spectateurs \u00e0 leur place.<\/span><\/p>\n<p><span style=\"font-size: 14pt;\">L&#8217;imagination sera la limite. Des courses au tr\u00e9sor peuvent \u00eatre organis\u00e9es comme l&#8217;a fait Faberg\u00e9 pour p\u00e2ques \u00e0 New York, les horaires des prochains bus peuvent \u00eatre transmis \u00e0 un arr\u00eat d&#8217;autobus, des rappels de liste de courses peuvent \u00eatre d\u00e9clench\u00e9e \u00e0 l&#8217;entr\u00e9e d&#8217;un supermarch\u00e9&#8230;<strong>\u00a0<\/strong><strong>Ce qui est clair est une vision du commerce et des services tout \u00e0 fait nouvelle qui donne une place plus grande \u00e0 l&#8217;interactivit\u00e9.<\/strong><strong>\u00a0<\/strong>Les applications ne se limitent pas au monde commercial, elles peuvent par exemple permettre un syst\u00e8me d&#8217;appel automatique dans une classe les smartphones signalant \u00e0 la balise d&#8217;une salle de cours la pr\u00e9sence de l&#8217;\u00e9tudiant et l&#8217;ajoutant \u00e0 la feuille d\u2019\u00e9margement dans l&#8217;application du professeur.<\/span><\/p>\n<p><span style=\"font-size: 14pt;\">Pour bien en percevoir l&#8217;int\u00e9r\u00eat, il faut comprendre que l&#8217;usage des applis des enseignes en magasin n&#8217;est pas si diffus\u00e9e. On pr\u00e9sume que les consommateurs utilisent en magasins des comparateurs de prix, les avis des consommateurs ou simplement les analyses critiques des produits, mais finalement assez peu les applis propre des enseignes, par exemple les cartes de fid\u00e9lit\u00e9. En poussant les informations, les beacons ne demande aucun effort de la part du consommateur et semble ainsi dans les tests provoquer un engagement beaucoup \u00e9lev\u00e9s qu&#8217;avec les autres techniques. C&#8217;est ce qui motive depuis un an le grand int\u00e9r\u00eat port\u00e9 par les acteurs du march\u00e9 \u00e0 ce type de technologie.<\/span><\/p>\n<h3><span style=\"font-size: 14pt;\">Comment le consommateur peut-il se prot\u00e9ger contre l&#8217;intrusion des enseignes ? A-t-il une marge de\u00a0man\u0153uvre ?<\/span><\/h3>\n<p><span style=\"font-size: 14pt;\">En fait il n&#8217;y a pas d&#8217;intrusion tant que l&#8217;application n&#8217;est pas lanc\u00e9e ou install\u00e9e. S&#8217;il ne veut pas \u00eatre sollicit\u00e9, il suffit qu&#8217;il n&#8217;installe pas l&#8217;application ! Apr\u00e8s c&#8217;est une question de politique des enseignes\u00a0: si elles s&#8217;amusent \u00e0 envoyer trop de messages l&#8217;utilisation de ce type d&#8217;application risque de lasser rapidement. A l&#8217;usage elles s\u2019adapteront aux besoins des consommateurs, du moins esp\u00e9rons-le.<\/span><\/p>\n","protected":false},"excerpt":{"rendered":"<p>&nbsp; La r\u00e9volution Beacon : le vrai du faux de la technologie de g\u00e9olocalisation commerciale qui explose Beacon est une balise de g\u00e9olocalisation, dont la pr\u00e9cision est sup\u00e9rieure aux GPS classiques, et notamment en int\u00e9rieur. On parle alors de micro-localisation. Comme toute technologie interactive, Beacon pourrait \u00e9galement fournir des informations importantes aux commer\u00e7ants Qu&#8217;est-ce-que la [&hellip;]<\/p>\n","protected":false},"author":1,"featured_media":0,"parent":0,"menu_order":0,"comment_status":"closed","ping_status":"closed","template":"","meta":{"footnotes":""},"categories":[],"tags":[],"class_list":["post-301","page","type-page","status-publish","hentry","blog-style1"],"_links":{"self":[{"href":"https:\/\/bigdata.nc\/index.php?rest_route=\/wp\/v2\/pages\/301","targetHints":{"allow":["GET"]}}],"collection":[{"href":"https:\/\/bigdata.nc\/index.php?rest_route=\/wp\/v2\/pages"}],"about":[{"href":"https:\/\/bigdata.nc\/index.php?rest_route=\/wp\/v2\/types\/page"}],"author":[{"embeddable":true,"href":"https:\/\/bigdata.nc\/index.php?rest_route=\/wp\/v2\/users\/1"}],"replies":[{"embeddable":true,"href":"https:\/\/bigdata.nc\/index.php?rest_route=%2Fwp%2Fv2%2Fcomments&post=301"}],"version-history":[{"count":8,"href":"https:\/\/bigdata.nc\/index.php?rest_route=\/wp\/v2\/pages\/301\/revisions"}],"predecessor-version":[{"id":388,"href":"https:\/\/bigdata.nc\/index.php?rest_route=\/wp\/v2\/pages\/301\/revisions\/388"}],"wp:attachment":[{"href":"https:\/\/bigdata.nc\/index.php?rest_route=%2Fwp%2Fv2%2Fmedia&parent=301"}],"wp:term":[{"taxonomy":"category","embeddable":true,"href":"https:\/\/bigdata.nc\/index.php?rest_route=%2Fwp%2Fv2%2Fcategories&post=301"},{"taxonomy":"post_tag","embeddable":true,"href":"https:\/\/bigdata.nc\/index.php?rest_route=%2Fwp%2Fv2%2Ftags&post=301"}],"curies":[{"name":"wp","href":"https:\/\/api.w.org\/{rel}","templated":true}]}}