{"id":421,"date":"2021-08-25T17:40:35","date_gmt":"2021-08-25T06:40:35","guid":{"rendered":"http:\/\/bigdata.nc\/?page_id=421"},"modified":"2024-04-09T11:26:59","modified_gmt":"2024-04-09T00:26:59","slug":"telechargement-2","status":"publish","type":"page","link":"https:\/\/bigdata.nc\/?page_id=421","title":{"rendered":"T\u00e9l\u00e9chargements"},"content":{"rendered":"<table style=\"border-collapse: collapse; width: 100%;\">\n<tbody>\n<tr>\n<td style=\"width: 50%;\"><strong>Analyse de fr\u00e9quentation document g\u00e9n\u00e9rique<\/strong><\/td>\n<td style=\"width: 50%; text-align: left;\"><a href=\"https:\/\/bigdata.nc\/?ddownload=1110\" title=\"Download\" rel=\"nofollow\" class=\"ddownload-button button-blue id-1110 ext-pdf\">Download<\/a><\/td>\n<\/tr>\n<tr>\n<td style=\"width: 50%; text-align: left;\"><strong>Socialwifi documentation g\u00e9n\u00e9rique\u00a0 <\/strong><\/td>\n<td style=\"width: 50%; text-align: left;\"><a href=\"https:\/\/bigdata.nc\/?ddownload=1214\" title=\"Download\" rel=\"nofollow\" class=\"ddownload-button button-blue id-1214 ext-pdf\">Download<\/a><\/td>\n<\/tr>\n<tr>\n<td style=\"width: 50%;\"><\/td>\n<td style=\"width: 50%;\"><\/td>\n<\/tr>\n<\/tbody>\n<\/table>\n","protected":false},"excerpt":{"rendered":"<p>Analyse de fr\u00e9quentation document g\u00e9n\u00e9rique Socialwifi documentation g\u00e9n\u00e9rique\u00a0<\/p>\n","protected":false},"author":1,"featured_media":0,"parent":0,"menu_order":0,"comment_status":"closed","ping_status":"closed","template":"","meta":{"footnotes":""},"categories":[],"tags":[],"class_list":["post-421","page","type-page","status-publish","hentry","blog-style1"],"_links":{"self":[{"href":"https:\/\/bigdata.nc\/index.php?rest_route=\/wp\/v2\/pages\/421","targetHints":{"allow":["GET"]}}],"collection":[{"href":"https:\/\/bigdata.nc\/index.php?rest_route=\/wp\/v2\/pages"}],"about":[{"href":"https:\/\/bigdata.nc\/index.php?rest_route=\/wp\/v2\/types\/page"}],"author":[{"embeddable":true,"href":"https:\/\/bigdata.nc\/index.php?rest_route=\/wp\/v2\/users\/1"}],"replies":[{"embeddable":true,"href":"https:\/\/bigdata.nc\/index.php?rest_route=%2Fwp%2Fv2%2Fcomments&post=421"}],"version-history":[{"count":8,"href":"https:\/\/bigdata.nc\/index.php?rest_route=\/wp\/v2\/pages\/421\/revisions"}],"predecessor-version":[{"id":1218,"href":"https:\/\/bigdata.nc\/index.php?rest_route=\/wp\/v2\/pages\/421\/revisions\/1218"}],"wp:attachment":[{"href":"https:\/\/bigdata.nc\/index.php?rest_route=%2Fwp%2Fv2%2Fmedia&parent=421"}],"wp:term":[{"taxonomy":"category","embeddable":true,"href":"https:\/\/bigdata.nc\/index.php?rest_route=%2Fwp%2Fv2%2Fcategories&post=421"},{"taxonomy":"post_tag","embeddable":true,"href":"https:\/\/bigdata.nc\/index.php?rest_route=%2Fwp%2Fv2%2Ftags&post=421"}],"curies":[{"name":"wp","href":"https:\/\/api.w.org\/{rel}","templated":true}]}}