{"id":460,"date":"2016-08-11T20:27:08","date_gmt":"2016-08-11T09:27:08","guid":{"rendered":"http:\/\/bigdata.nc\/?page_id=460"},"modified":"2018-09-12T19:14:15","modified_gmt":"2018-09-12T08:14:15","slug":"fitness-clubs","status":"publish","type":"page","link":"https:\/\/bigdata.nc\/?page_id=460","title":{"rendered":"FITNESS CLUBS"},"content":{"rendered":"<p><img loading=\"lazy\" decoding=\"async\" class=\"aligncenter size-full wp-image-461\" src=\"https:\/\/bigdata.nc\/wp-content\/uploads\/2016\/08\/bandeausport.jpg\" alt=\"bandeausport\" width=\"1500\" height=\"351\" srcset=\"https:\/\/bigdata.nc\/wp-content\/uploads\/2016\/08\/bandeausport.jpg 1500w, https:\/\/bigdata.nc\/wp-content\/uploads\/2016\/08\/bandeausport-300x70.jpg 300w, https:\/\/bigdata.nc\/wp-content\/uploads\/2016\/08\/bandeausport-768x180.jpg 768w, https:\/\/bigdata.nc\/wp-content\/uploads\/2016\/08\/bandeausport-1024x240.jpg 1024w\" sizes=\"auto, (max-width: 1500px) 100vw, 1500px\" \/><\/p>\n<p><span style=\"font-size: 14pt;\">Proposer internet dans sa salle de sport est un option\u00a0indispensable afin de fid\u00e9liser la client\u00e8le. Mais saviez vous comment le convertir d\u2019un centre de cout en centre de profit\u00a0 en d\u00e9veloppant des services associ\u00e9s ?<\/span><\/p>\n<p style=\"text-align: center;\"><span style=\"font-size: 24pt;\">Quels sont les avantages de SOCIALWIFI<\/span><\/p>\n<p style=\"text-align: center;\"><span style=\"font-size: 24pt;\">Dans le cadre de votre activit\u00e9<\/span><\/p>\n<p style=\"text-align: left;\"><span style=\"text-decoration: underline;\"><span style=\"font-size: 18pt;\">Pour l\u2019exploitant:<\/span><\/span><\/p>\n<ul>\n<li><span style=\"font-size: 14pt;\">Se d\u00e9marquer de la concurrence<\/span><\/li>\n<li><span style=\"font-size: 14pt;\">Proposer des services suppl\u00e9mentaires coaching etc..<\/span><\/li>\n<li><span style=\"font-size: 14pt;\">Afficher les promotions offres en cours<\/span><\/li>\n<li><span style=\"font-size: 14pt;\">G\u00e9rer des campagnes mails<\/span><\/li>\n<li><span style=\"font-size: 14pt;\">Communiquer directement avec sa client\u00e8le.<\/span><\/li>\n<li><span style=\"font-size: 14pt;\">G\u00e9n\u00e9rer des enqu\u00eates de satisfaction cibl\u00e9es.<\/span><\/li>\n<li><span style=\"font-size: 14pt;\">Recevoir des appr\u00e9ciations en direct<\/span><\/li>\n<\/ul>\n<p><span style=\"text-decoration: underline;\"><span style=\"font-size: 18pt;\">Pour le client:<\/span><\/span><\/p>\n<ul>\n<li><span style=\"font-size: 14pt;\">Acc\u00e9der \u00e0 ses mails \/ r\u00e9seaux sociaux<\/span><\/li>\n<li><span style=\"font-size: 14pt;\">Faire du sport tout en \u00e9coutant de la musique en streaming<\/span><\/li>\n<li><span style=\"font-size: 14pt;\">Acc\u00e9der \u00e0 un contenu sp\u00e9cifique: coaching sportif, chaine sportive, chaine musicale.<\/span><\/li>\n<li><span style=\"font-size: 14pt;\">Faire part de ses commentaires en direct<\/span><\/li>\n<\/ul>\n<p><span style=\"font-size: 18pt;\">La qualit\u00e9 apport\u00e9e \u00e0 ce service doit donc faire preuve d\u2019une attention particuli\u00e8re.<\/span><\/p>\n<ul>\n<li><span style=\"font-size: 14pt;\">Proposer Internet dans toutes les salles<\/span><\/li>\n<li><span style=\"font-size: 14pt;\">Proposer un d\u00e9bit suffisant pour un confort d\u2019utilisation<\/span><\/li>\n<li><span style=\"font-size: 14pt;\">Vous aider \u00e0 rentabiliser le service via\u00a0le portail captif<\/span><\/li>\n<li><span style=\"font-size: 14pt;\">Enregistrer les traces de connexion pour avoir un acc\u00e8s conforme \u00e0 la l\u00e9gislation<\/span><\/li>\n<li><span style=\"font-size: 14pt;\">Vous pr\u00e9munir d\u2019une plainte Hadopi<\/span><\/li>\n<li><span style=\"font-size: 14pt;\">Assurer votre s\u00e9curit\u00e9 informatique<\/span><\/li>\n<li><span style=\"font-size: 14pt;\">Assurer la s\u00e9curit\u00e9 informatique\/mobile de vos clients<\/span><\/li>\n<\/ul>\n<p style=\"text-align: center;\"><span style=\"font-size: 18pt;\">Notre solution comporte de nombreux avantages<\/span><\/p>\n<p><span style=\"font-size: 18pt;\"><u>Fiabilit\u00e9 et s\u00e9curit\u00e9<\/u><\/span><\/p>\n<p><span style=\"font-size: 14pt;\">Notre Wifi r\u00e9pond \u00e0 vos pr\u00e9occupations en vous permettant d\u2019offrir aux clients une connexion internet \u00a0conforme \u00e0 la l\u00e9gislation, tout en vous mettant \u00e0 l\u2019abri de tous les risques p\u00e9naux et financiers auxquels vous pourriez \u00eatre expos\u00e9s, en cas de fraudes commises sur votre r\u00e9seau.<\/span><\/p>\n<p><span style=\"font-size: 14pt;\">Ainsi, lors de l\u2019installation wifi de votre salle, \u00a0les ports utilis\u00e9s pour les t\u00e9l\u00e9chargements Peer to Peer sont automatiquement bloqu\u00e9s afin de limiter tout abus de la part des utilisateurs.<\/span><\/p>\n<p><span style=\"font-size: 18pt;\"><u>Solution clefs en main<\/u><\/span><\/p>\n<p><span style=\"font-size: 14pt;\">Notre borne Wi-Fi pr\u00e9configur\u00e9e sera activ\u00e9e et donc fonctionnelle d\u00e8s que vous l\u2019aurez branch\u00e9e \u00e0 votre BOX ADSL\u00a0ou votre routeur. Votre client\u00e8le pourra alors utiliser l\u2019installation wifi de votre \u00e9tablissement rapidement et simplement en s\u2019authentifiant sur le portail captif.<\/span><\/p>\n<p><span style=\"font-size: 14pt;\">Nous vous proposons simultan\u00e9ment une supervision autonome du syst\u00e8me via votre interface administrateur.<\/span><\/p>\n<p><img loading=\"lazy\" decoding=\"async\" class=\"aligncenter size-full wp-image-464\" src=\"https:\/\/bigdata.nc\/wp-content\/uploads\/2016\/08\/Capture-d\u2019e\u0301cran-2016-08-11-a\u0300-16.18.22.png\" alt=\"Capture d\u2019e\u0301cran 2016-08-11 a\u0300 16.18.22\" width=\"2252\" height=\"812\" srcset=\"https:\/\/bigdata.nc\/wp-content\/uploads\/2016\/08\/Capture-d\u2019e\u0301cran-2016-08-11-a\u0300-16.18.22.png 2252w, https:\/\/bigdata.nc\/wp-content\/uploads\/2016\/08\/Capture-d\u2019e\u0301cran-2016-08-11-a\u0300-16.18.22-300x108.png 300w, https:\/\/bigdata.nc\/wp-content\/uploads\/2016\/08\/Capture-d\u2019e\u0301cran-2016-08-11-a\u0300-16.18.22-768x277.png 768w, https:\/\/bigdata.nc\/wp-content\/uploads\/2016\/08\/Capture-d\u2019e\u0301cran-2016-08-11-a\u0300-16.18.22-1024x369.png 1024w\" sizes=\"auto, (max-width: 2252px) 100vw, 2252px\" \/><\/p>\n<p><span style=\"font-size: 14pt;\">Il est \u00e9galement possible d\u2019agrandir si besoin votre couverture WIFI\u00a0en installant des r\u00e9p\u00e9teurs de signaux reli\u00e9s \u00e0 la borne principale.<\/span><\/p>\n<p><span style=\"font-size: 18pt;\"><u>Un outil de communication intelligent<\/u><\/span><\/p>\n<p><span style=\"font-size: 14pt;\">Personnalisation de la\u00a0page d&#8217;accueil<\/span><\/p>\n<p><span style=\"font-size: 14pt;\">Communiquez sur votre image, vos offres en cours sur la page d\u2019accueil de toute connexion wifi.<\/span><\/p>\n<p><img loading=\"lazy\" decoding=\"async\" class=\"aligncenter size-full wp-image-467\" src=\"https:\/\/bigdata.nc\/wp-content\/uploads\/2016\/08\/IPADGYMWEB.png\" alt=\"IPADGYMWEB\" width=\"350\" height=\"529\" srcset=\"https:\/\/bigdata.nc\/wp-content\/uploads\/2016\/08\/IPADGYMWEB.png 350w, https:\/\/bigdata.nc\/wp-content\/uploads\/2016\/08\/IPADGYMWEB-198x300.png 198w\" sizes=\"auto, (max-width: 350px) 100vw, 350px\" \/><\/p>\n<p><span style=\"text-decoration: underline;\"><span style=\"font-size: 18pt;\">Int\u00e9gration r\u00e9seaux sociaux<\/span><\/span><\/p>\n<p><span style=\"font-size: 14pt;\">Vos clients s\u2019enregistrent \u00e0 l\u2019aide de leur r\u00e9seau social pr\u00e9f\u00e9r\u00e9 ils sont dirig\u00e9s vers votre page Facebook\/twitter\/Google+ et sont invit\u00e9s \u00e0 devenir Fans .<\/span><\/p>\n<p><img loading=\"lazy\" decoding=\"async\" class=\"aligncenter size-full wp-image-468\" src=\"https:\/\/bigdata.nc\/wp-content\/uploads\/2016\/08\/CROSSFITTRAININGBANDEAU.png\" alt=\"CROSSFITTRAININGBANDEAU\" width=\"720\" height=\"378\" srcset=\"https:\/\/bigdata.nc\/wp-content\/uploads\/2016\/08\/CROSSFITTRAININGBANDEAU.png 720w, https:\/\/bigdata.nc\/wp-content\/uploads\/2016\/08\/CROSSFITTRAININGBANDEAU-300x158.png 300w\" sizes=\"auto, (max-width: 720px) 100vw, 720px\" \/><\/p>\n<p><span style=\"text-decoration: underline;\"><span style=\"font-size: 18pt;\">Retargeting<\/span><\/span><\/p>\n<p><span style=\"font-size: 14pt;\">Fid\u00e9lisation de la client\u00e8le gr\u00e2ce \u00e0 nos syst\u00e8me de campagne email et questionnaires automatiques associ\u00e9s.<\/span><\/p>\n<p><span style=\"font-size: 14pt;\">Envoi de promotions particuli\u00e8res en fonction des profils choisis (couponing).<\/span><\/p>\n<p><span style=\"font-size: 14pt;\">Automatisation des campagnes anniversaires.<\/span><\/p>\n<p><span style=\"font-size: 14pt;\">Emission de questionnaires d\u2019enqu\u00eates automatis\u00e9s<\/span><\/p>\n<p><span style=\"text-decoration: underline; font-size: 18pt;\">Les tarifs\u00a0:<\/span><\/p>\n<p><img loading=\"lazy\" decoding=\"async\" class=\"wp-image-480 alignleft\" src=\"https:\/\/bigdata.nc\/wp-content\/uploads\/2016\/08\/BAGUETTE-1.png\" alt=\"BAGUETTE\" width=\"227\" height=\"139\" \/><\/p>\n<p>&nbsp;<\/p>\n<p>&nbsp;<\/p>\n<p>&nbsp;<\/p>\n<p>&nbsp;<\/p>\n<p>A partir du\u00a0prix d&#8217;une baguette de pain\/jour<\/p>\n<p><span style=\"font-size: 14pt;\">ou 165\u00a0F<\/span><\/p>\n","protected":false},"excerpt":{"rendered":"<p>Proposer internet dans sa salle de sport est un option\u00a0indispensable afin de fid\u00e9liser la client\u00e8le. Mais saviez vous comment le convertir d\u2019un centre de cout en centre de profit\u00a0 en d\u00e9veloppant des services associ\u00e9s ? Quels sont les avantages de SOCIALWIFI Dans le cadre de votre activit\u00e9 Pour l\u2019exploitant: Se d\u00e9marquer de la concurrence Proposer [&hellip;]<\/p>\n","protected":false},"author":1,"featured_media":0,"parent":26,"menu_order":0,"comment_status":"closed","ping_status":"closed","template":"","meta":{"footnotes":""},"categories":[],"tags":[],"class_list":["post-460","page","type-page","status-publish","hentry","blog-style1"],"_links":{"self":[{"href":"https:\/\/bigdata.nc\/index.php?rest_route=\/wp\/v2\/pages\/460","targetHints":{"allow":["GET"]}}],"collection":[{"href":"https:\/\/bigdata.nc\/index.php?rest_route=\/wp\/v2\/pages"}],"about":[{"href":"https:\/\/bigdata.nc\/index.php?rest_route=\/wp\/v2\/types\/page"}],"author":[{"embeddable":true,"href":"https:\/\/bigdata.nc\/index.php?rest_route=\/wp\/v2\/users\/1"}],"replies":[{"embeddable":true,"href":"https:\/\/bigdata.nc\/index.php?rest_route=%2Fwp%2Fv2%2Fcomments&post=460"}],"version-history":[{"count":14,"href":"https:\/\/bigdata.nc\/index.php?rest_route=\/wp\/v2\/pages\/460\/revisions"}],"predecessor-version":[{"id":970,"href":"https:\/\/bigdata.nc\/index.php?rest_route=\/wp\/v2\/pages\/460\/revisions\/970"}],"up":[{"embeddable":true,"href":"https:\/\/bigdata.nc\/index.php?rest_route=\/wp\/v2\/pages\/26"}],"wp:attachment":[{"href":"https:\/\/bigdata.nc\/index.php?rest_route=%2Fwp%2Fv2%2Fmedia&parent=460"}],"wp:term":[{"taxonomy":"category","embeddable":true,"href":"https:\/\/bigdata.nc\/index.php?rest_route=%2Fwp%2Fv2%2Fcategories&post=460"},{"taxonomy":"post_tag","embeddable":true,"href":"https:\/\/bigdata.nc\/index.php?rest_route=%2Fwp%2Fv2%2Ftags&post=460"}],"curies":[{"name":"wp","href":"https:\/\/api.w.org\/{rel}","templated":true}]}}