{"id":646,"date":"2016-12-29T15:05:08","date_gmt":"2016-12-29T04:05:08","guid":{"rendered":"http:\/\/bigdata.nc\/?page_id=646"},"modified":"2017-09-28T19:24:16","modified_gmt":"2017-09-28T08:24:16","slug":"transports-publics-ou-prives","status":"publish","type":"page","link":"https:\/\/bigdata.nc\/?page_id=646","title":{"rendered":"TRANSPORTS PUBLICS OU PRIVES"},"content":{"rendered":"<p><img loading=\"lazy\" decoding=\"async\" class=\"aligncenter size-full wp-image-660\" src=\"https:\/\/bigdata.nc\/wp-content\/uploads\/2016\/12\/MONTAGETRANSPORTS.png\" alt=\"\" width=\"1300\" height=\"451\" srcset=\"https:\/\/bigdata.nc\/wp-content\/uploads\/2016\/12\/MONTAGETRANSPORTS.png 1300w, https:\/\/bigdata.nc\/wp-content\/uploads\/2016\/12\/MONTAGETRANSPORTS-300x104.png 300w, https:\/\/bigdata.nc\/wp-content\/uploads\/2016\/12\/MONTAGETRANSPORTS-768x266.png 768w, https:\/\/bigdata.nc\/wp-content\/uploads\/2016\/12\/MONTAGETRANSPORTS-1024x355.png 1024w\" sizes=\"auto, (max-width: 1300px) 100vw, 1300px\" \/><\/p>\n<section class=\"av_textblock_section\">\n<div class=\"avia_textblock \">\n<h2 style=\"text-align: center;\"><span style=\"font-size: 24pt;\">\u00caTRE CONNECT\u00c9 PARTOUT, TOUT LE TEMPS, N\u2019A JAMAIS \u00c9T\u00c9 AUSSI FACILE !<\/span><\/h2>\n<\/div>\n<\/section>\n<div class=\"hr hr-short hr-center avia-builder-el-12 el_after_av_textblock el_before_av_textblock \"><\/div>\n<p style=\"text-align: center;\"><span style=\"font-size: 18pt;\">Vous \u00eates un professionnel des transports, du tourisme<\/span><\/p>\n<p><span style=\"font-size: 18pt;\">Vous g\u00e9rez un \u00a0TRP, un petit train, un tuktuk, un tandem, une navette maritime, un bateau taxi ou tout autre moyen de transport terrestre ou maritime (notre technologie n&#8217;est pas encore homologu\u00e9e par l&#8217;aviation civile).<\/span><\/p>\n<p><span style=\"font-size: 18pt;\">Vous souhaitez permettre \u00e0 vos usagers d&#8217;\u00e9changer en temps r\u00e9el avec leurs amis sur\u00a0instagram facebook ou snapchat afin de promouvoir votre activit\u00e9.<\/span><\/p>\n<p><span style=\"font-size: 18pt;\">Bigdata N\u00b01 des providers de socialwifi en Nouvelle Cal\u00e9donie vous fournit un acc\u00e8s mobile \u00a0jusqu&#8217;\u00e0 80 mb\/s (4 acc\u00e8s 4G simultan\u00e9s) sans installation.<\/span><\/p>\n<p>&nbsp;<\/p>\n<div class=\"et_pb_column et_pb_column_2_3 et_pb_column_0\">\n<div class=\"et_pb_text et_pb_module et_pb_bg_layout_light et_pb_text_align_right et_pb_text_0\">\n<div class=\"et_pb_text_inner\">\n<h1 style=\"text-align: center;\">Notre offre \u00ab SOCIALWIFI on Board\u00a0\u00bb<\/h1>\n<p><span style=\"font-size: 18pt;\">Parce que les transports de demain doivent \u00eatre tourn\u00e9s vers le num\u00e9rique, un acc\u00e8s Wifi gratuit \u00e0 bord est un atout majeur qui augmente la satisfaction de vos usagers en valorisant vos services. L\u2019offre \u00ab SOCIALWIFI On Board \u00bb de BIGDATA a d\u00e9j\u00e0 s\u00e9duit bon nombre de transporteurs qui nous font confiance. L\u2019offre \u00ab SOCIALWIFI On Board \u00bb est disponible pour les Bus, Cars, Bateaux, navettes maritimes mais \u00e9galement pour les \u00a0Taxis et VTC.<\/span><\/p>\n<\/div>\n<h2><span style=\"text-decoration: underline; font-size: 24pt;\">Avantages pour les voyageurs<\/span><\/h2>\n<ul>\n<li><span style=\"font-size: 18pt;\">Satisfaction par l\u2019ajout de nouveaux services (il existe un besoin et une attente croissante de connectivit\u00e9 partout et pour tous, a fortiori en situation de mobilit\u00e9)<\/span><\/li>\n<li><span style=\"font-size: 18pt;\">Fournir un acc\u00e8s internet par le biais de leur propre terminal (Smartphone, tablette ou PC portable)<\/span><\/li>\n<li><span style=\"font-size: 18pt;\">Economie financi\u00e8re sur leur forfait data mobile 3G\/4G (ceux-ci ne sont plus illimit\u00e9s et les usages de types Streaming video (YouTube), r\u00e9seaux sociaux (Facebook, Instagram,..) gourmands en volume de donn\u00e9es se d\u00e9veloppent de mani\u00e8re exponentielle<\/span><\/li>\n<li><span style=\"font-size: 18pt;\">Possibilit\u00e9 pour les utilisateurs de tablettes sans carte SIM de rester connect\u00e9s gr\u00e2ce au WiFi<\/span><\/li>\n<li><span style=\"font-size: 18pt;\">B\u00e9n\u00e9ficier d\u2019un meilleur d\u00e9bit en WiFi qu\u2019en 3G\/4G (la solution met en \u0153uvre des antennes sur le toit des v\u00e9hicules qui permettent de s\u2019affranchir de l\u2019att\u00e9nuation du signal radio 3G\/4G \u00e0 l\u2019int\u00e9rieur des v\u00e9hicules<\/span><\/li>\n<li><span style=\"font-size: 18pt;\">Pour des visiteurs \u00e9trangers en Nouvelle Cal\u00e9donie le WIFI embarqu\u00e9 leur permet de ne pas utiliser leur forfait 3G-4G \u00ab en roaming\u00bb<\/span><\/li>\n<\/ul>\n<div class=\"et_pb_text_inner\"><span style=\"font-size: 18pt;\">\u00a0<\/span><\/div>\n<\/div>\n<\/div>\n<div class=\"et_pb_column et_pb_column_1_3 et_pb_column_1\">\n<h2><span style=\"text-decoration: underline; font-size: 24pt;\">Avantages pour l\u2019autorit\u00e9 organisatrice et\/ou l\u2019exploitant<\/span><\/h2>\n<ul>\n<li><span style=\"font-size: 18pt;\">Apporter de nouveaux services innovants<\/span><\/li>\n<li><span style=\"font-size: 18pt;\">Pouvoir utiliser le WiFi comme un nouveau support media pour des op\u00e9rations de communication (possibilit\u00e9 d\u2019injecter du contenu pendant la navigation des usagers)<\/span><\/li>\n<li><span style=\"font-size: 18pt;\"><span style=\"font-size: 18pt;\">Mutualiser l\u2019infrastructure WiFi d\u00e9ploy\u00e9e avec les applications m\u00e9tiers (Videoprotection, SIV, SAEIV, Annonces sonores et visuelle,etc&#8230;)<\/span><\/span><\/li>\n<li><span style=\"font-size: 18pt;\">En utilisant les bornes WiFi comme capteur, pouvoir disposer de donn\u00e9es \u00ab\u00a0analytics\u00a0\u00bb permettant de compl\u00e9ter les informations de fr\u00e9quentation des lignes.<\/span><\/li>\n<li><span style=\"font-size: 18pt;\">Placer sa client\u00e8le sous enqu\u00eate de satisfaction permanente.\u00a0<\/span><\/li>\n<\/ul>\n<\/div>\n<p>&nbsp;<\/p>\n<p><img loading=\"lazy\" decoding=\"async\" class=\"aligncenter size-full wp-image-770\" src=\"https:\/\/bigdata.nc\/wp-content\/uploads\/2016\/12\/Capture-d\u2019e\u0301cran-2017-09-28-a\u0300-19.18.36.png\" alt=\"\" width=\"1467\" height=\"1046\" srcset=\"https:\/\/bigdata.nc\/wp-content\/uploads\/2016\/12\/Capture-d\u2019e\u0301cran-2017-09-28-a\u0300-19.18.36.png 1467w, https:\/\/bigdata.nc\/wp-content\/uploads\/2016\/12\/Capture-d\u2019e\u0301cran-2017-09-28-a\u0300-19.18.36-300x214.png 300w, https:\/\/bigdata.nc\/wp-content\/uploads\/2016\/12\/Capture-d\u2019e\u0301cran-2017-09-28-a\u0300-19.18.36-768x548.png 768w, https:\/\/bigdata.nc\/wp-content\/uploads\/2016\/12\/Capture-d\u2019e\u0301cran-2017-09-28-a\u0300-19.18.36-1024x730.png 1024w\" sizes=\"auto, (max-width: 1467px) 100vw, 1467px\" \/><\/p>\n<p>&nbsp;<\/p>\n<p>&nbsp;<\/p>\n<p><img loading=\"lazy\" decoding=\"async\" class=\"aligncenter size-full wp-image-773\" src=\"https:\/\/bigdata.nc\/wp-content\/uploads\/2016\/12\/Capture-d\u2019e\u0301cran-2017-09-28-a\u0300-19.23.01.png\" alt=\"\" width=\"1464\" height=\"1043\" srcset=\"https:\/\/bigdata.nc\/wp-content\/uploads\/2016\/12\/Capture-d\u2019e\u0301cran-2017-09-28-a\u0300-19.23.01.png 1464w, https:\/\/bigdata.nc\/wp-content\/uploads\/2016\/12\/Capture-d\u2019e\u0301cran-2017-09-28-a\u0300-19.23.01-300x214.png 300w, https:\/\/bigdata.nc\/wp-content\/uploads\/2016\/12\/Capture-d\u2019e\u0301cran-2017-09-28-a\u0300-19.23.01-768x547.png 768w, https:\/\/bigdata.nc\/wp-content\/uploads\/2016\/12\/Capture-d\u2019e\u0301cran-2017-09-28-a\u0300-19.23.01-1024x730.png 1024w\" sizes=\"auto, (max-width: 1464px) 100vw, 1464px\" \/><\/p>\n<div class=\"et_pb_column et_pb_column_1_3 et_pb_column_1\"><\/div>\n","protected":false},"excerpt":{"rendered":"<p>\u00caTRE CONNECT\u00c9 PARTOUT, TOUT LE TEMPS, N\u2019A JAMAIS \u00c9T\u00c9 AUSSI FACILE ! Vous \u00eates un professionnel des transports, du tourisme Vous g\u00e9rez un \u00a0TRP, un petit train, un tuktuk, un tandem, une navette maritime, un bateau taxi ou tout autre moyen de transport terrestre ou maritime (notre technologie n&#8217;est pas encore homologu\u00e9e par l&#8217;aviation civile). [&hellip;]<\/p>\n","protected":false},"author":1,"featured_media":0,"parent":26,"menu_order":0,"comment_status":"closed","ping_status":"closed","template":"","meta":{"footnotes":""},"categories":[],"tags":[],"class_list":["post-646","page","type-page","status-publish","hentry","blog-style1"],"_links":{"self":[{"href":"https:\/\/bigdata.nc\/index.php?rest_route=\/wp\/v2\/pages\/646","targetHints":{"allow":["GET"]}}],"collection":[{"href":"https:\/\/bigdata.nc\/index.php?rest_route=\/wp\/v2\/pages"}],"about":[{"href":"https:\/\/bigdata.nc\/index.php?rest_route=\/wp\/v2\/types\/page"}],"author":[{"embeddable":true,"href":"https:\/\/bigdata.nc\/index.php?rest_route=\/wp\/v2\/users\/1"}],"replies":[{"embeddable":true,"href":"https:\/\/bigdata.nc\/index.php?rest_route=%2Fwp%2Fv2%2Fcomments&post=646"}],"version-history":[{"count":15,"href":"https:\/\/bigdata.nc\/index.php?rest_route=\/wp\/v2\/pages\/646\/revisions"}],"predecessor-version":[{"id":762,"href":"https:\/\/bigdata.nc\/index.php?rest_route=\/wp\/v2\/pages\/646\/revisions\/762"}],"up":[{"embeddable":true,"href":"https:\/\/bigdata.nc\/index.php?rest_route=\/wp\/v2\/pages\/26"}],"wp:attachment":[{"href":"https:\/\/bigdata.nc\/index.php?rest_route=%2Fwp%2Fv2%2Fmedia&parent=646"}],"wp:term":[{"taxonomy":"category","embeddable":true,"href":"https:\/\/bigdata.nc\/index.php?rest_route=%2Fwp%2Fv2%2Fcategories&post=646"},{"taxonomy":"post_tag","embeddable":true,"href":"https:\/\/bigdata.nc\/index.php?rest_route=%2Fwp%2Fv2%2Ftags&post=646"}],"curies":[{"name":"wp","href":"https:\/\/api.w.org\/{rel}","templated":true}]}}