{"id":69,"date":"2016-03-24T14:58:43","date_gmt":"2016-03-24T03:58:43","guid":{"rendered":"http:\/\/bigdata.nc\/?page_id=69"},"modified":"2021-09-10T15:51:55","modified_gmt":"2021-09-10T04:51:55","slug":"vous-pilotez-un-reseau-daffichage","status":"publish","type":"page","link":"https:\/\/bigdata.nc\/?page_id=69","title":{"rendered":"Vous pilotez un r\u00e9seau d&#8217;affichage publicitaire"},"content":{"rendered":"<p><img loading=\"lazy\" decoding=\"async\" class=\"aligncenter size-full wp-image-483\" src=\"https:\/\/bigdata.nc\/wp-content\/uploads\/2016\/03\/bandeauaffichage.png\" alt=\"bandeauaffichage\" width=\"1500\" height=\"351\" srcset=\"https:\/\/bigdata.nc\/wp-content\/uploads\/2016\/03\/bandeauaffichage.png 1500w, https:\/\/bigdata.nc\/wp-content\/uploads\/2016\/03\/bandeauaffichage-300x70.png 300w, https:\/\/bigdata.nc\/wp-content\/uploads\/2016\/03\/bandeauaffichage-768x180.png 768w, https:\/\/bigdata.nc\/wp-content\/uploads\/2016\/03\/bandeauaffichage-1024x240.png 1024w\" sizes=\"auto, (max-width: 1500px) 100vw, 1500px\" \/><\/p>\n<p>\u00a0<\/p>\n<p style=\"text-align: center;\"><span style=\"font-size: 18pt;\">Vous proposez de l&#8217;affichage Publicitaire<\/span><\/p>\n<p style=\"text-align: center;\"><span style=\"font-size: 18pt;\">Statique ou dynamique<\/span><\/p>\n<p style=\"text-align: left;\"><span style=\"font-size: 14pt;\">R\u00e9pondez aux attentes de vos clients en leur annon\u00e7ant des donn\u00e9es chiffr\u00e9es sur l&#8217;audience r\u00e9elle autour de vos affichages et sur\u00a0\u00a0l&#8217;impact de leurs\u00a0publicit\u00e9s<\/span><\/p>\n<ul>\n<li style=\"text-align: left;\"><span style=\"font-size: 14pt;\">Audience : Mesurez l&#8217;audience r\u00e9elle autour de vos affichages publicitaires mobiles.\u00a0<\/span><\/li>\n<li style=\"text-align: left;\"><span style=\"font-size: 14pt;\">Comptage : D\u00e9nombrez avec exactitude le nombre d&#8217;individus impact\u00e9s par votre message.\u00a0<\/span><\/li>\n<li style=\"text-align: left;\"><span style=\"font-size: 14pt;\">Distance de d\u00e9tection et impact publicitaire : Analysez le nombre de contacts par rapport \u00e0 la distance de votre support.\u00a0<\/span><\/li>\n<li style=\"text-align: left;\"><span style=\"font-size: 14pt;\">Combien\u00a0de fois un seul et m\u00eame individu a \u00e9t\u00e9 impact\u00e9 par votre message sur l&#8217;ensemble de votre r\u00e9seau.\u00a0<\/span><\/li>\n<\/ul>\n<p>\u00a0<\/p>\n<p>\u00a0<\/p>\n\n\n<div class=\"wp-block-image\"><figure class=\"aligncenter size-full\"><img loading=\"lazy\" decoding=\"async\" width=\"773\" height=\"362\" src=\"https:\/\/bigdata.nc\/wp-content\/uploads\/2021\/09\/Trafic-entrant.gif\" alt=\"\" class=\"wp-image-1124\"\/><\/figure><\/div>\n","protected":false},"excerpt":{"rendered":"<p>\u00a0 Vous proposez de l&#8217;affichage Publicitaire Statique ou dynamique R\u00e9pondez aux attentes de vos clients en leur annon\u00e7ant des donn\u00e9es chiffr\u00e9es sur l&#8217;audience r\u00e9elle autour de vos affichages et sur\u00a0\u00a0l&#8217;impact de leurs\u00a0publicit\u00e9s Audience : Mesurez l&#8217;audience r\u00e9elle autour de vos affichages publicitaires mobiles.\u00a0 Comptage : D\u00e9nombrez avec exactitude le nombre d&#8217;individus impact\u00e9s par votre message.\u00a0 [&hellip;]<\/p>\n","protected":false},"author":1,"featured_media":0,"parent":38,"menu_order":0,"comment_status":"closed","ping_status":"closed","template":"","meta":{"footnotes":""},"categories":[],"tags":[],"class_list":["post-69","page","type-page","status-publish","hentry","blog-style1"],"_links":{"self":[{"href":"https:\/\/bigdata.nc\/index.php?rest_route=\/wp\/v2\/pages\/69","targetHints":{"allow":["GET"]}}],"collection":[{"href":"https:\/\/bigdata.nc\/index.php?rest_route=\/wp\/v2\/pages"}],"about":[{"href":"https:\/\/bigdata.nc\/index.php?rest_route=\/wp\/v2\/types\/page"}],"author":[{"embeddable":true,"href":"https:\/\/bigdata.nc\/index.php?rest_route=\/wp\/v2\/users\/1"}],"replies":[{"embeddable":true,"href":"https:\/\/bigdata.nc\/index.php?rest_route=%2Fwp%2Fv2%2Fcomments&post=69"}],"version-history":[{"count":9,"href":"https:\/\/bigdata.nc\/index.php?rest_route=\/wp\/v2\/pages\/69\/revisions"}],"predecessor-version":[{"id":1136,"href":"https:\/\/bigdata.nc\/index.php?rest_route=\/wp\/v2\/pages\/69\/revisions\/1136"}],"up":[{"embeddable":true,"href":"https:\/\/bigdata.nc\/index.php?rest_route=\/wp\/v2\/pages\/38"}],"wp:attachment":[{"href":"https:\/\/bigdata.nc\/index.php?rest_route=%2Fwp%2Fv2%2Fmedia&parent=69"}],"wp:term":[{"taxonomy":"category","embeddable":true,"href":"https:\/\/bigdata.nc\/index.php?rest_route=%2Fwp%2Fv2%2Fcategories&post=69"},{"taxonomy":"post_tag","embeddable":true,"href":"https:\/\/bigdata.nc\/index.php?rest_route=%2Fwp%2Fv2%2Ftags&post=69"}],"curies":[{"name":"wp","href":"https:\/\/api.w.org\/{rel}","templated":true}]}}